{"id":22747,"date":"2023-02-13T16:25:42","date_gmt":"2023-02-13T14:25:42","guid":{"rendered":"https:\/\/www.urmet.sk\/?post_type=product&#038;p=22747"},"modified":"2023-04-04T08:20:01","modified_gmt":"2023-04-04T06:20:01","slug":"basic","status":"publish","type":"product","link":"https:\/\/www.urmet.sk\/?product=basic","title":{"rendered":"Basic"},"content":{"rendered":"<h1><a href=\"https:\/\/ipercom.urmet.sk\/project\/basic\/\">IPerCom<\/a><\/h1>\n<p><strong>Basic <\/strong>je n\u00e1\u0161 z\u00e1kladn\u00fd 7&#8243; IP monitor s dotykovou obrazovkou, ktor\u00fd je ide\u00e1lny pre projekty, ktor\u00e9 vy\u017eaduj\u00fa pokro\u010dil\u00fd, ale cenovo v\u00fdhodn\u00fd bytov\u00fd monitor.<br \/>\nHoci sa naz\u00fdva Basic \u201ez\u00e1kladn\u00fd\u201c, v skuto\u010dnosti je pln\u00fd u\u017eito\u010dn\u00fdch funkci\u00ed pre obyvate\u013eov aj spr\u00e1vcov budov, a preto je ide\u00e1lny pre projekty, ktor\u00e9 vy\u017eaduj\u00fa pokro\u010dil\u00e9 funkcie za prijate\u013en\u00fa cenu.<\/p>\n<p><strong>Z\u00e1kladn\u00fd&#8230; Nakoniec nie a\u017e tak\u00fd z\u00e1kladn\u00fd <\/strong><br \/>\nNapriek svojmu n\u00e1zvu poskytuje Basic pokro\u010dil\u00e9 funkcie a m\u00e1 len o 1-2 funkcie menej ako n\u00e1\u0161 pr\u00e9miovej\u0161\u00ed dotykov\u00fd monitor VOG7. V\u010faka funkci\u00e1m, ako je automatick\u00e9 presmerovanie hovorov, zobrazovanie a sn\u00edmanie vstupn\u00e9ho panela a kamier CCTV a ovl\u00e1danie cie\u013ea v\u00fd\u0165ahu, ktor\u00e9 s\u00fa k dispoz\u00edcii hne\u010f po vybalen\u00ed, nie je Basic a\u017e tak\u00fd \u201ez\u00e1kladn\u00fd\u201c..<\/p>\n<p><strong>Basic m\u00e1 integr\u00e1ciu CCTV <\/strong><br \/>\nBasic ktor\u00fd poskytuje obyvate\u013eom mo\u017enos\u0165 sledova\u0165 \u017eiv\u00e9 prenosy z kamier v budov\u00e1ch priamo z monitora v ich byte. Obyvate\u013e m\u00f4\u017ee dokonca zhotovova\u0165 sn\u00edmky z kan\u00e1lov CCTV kamier a uklada\u0165 ich priamo na svoj monitor Basic, aby si ich mohol nesk\u00f4r prezera\u0165 alebo exportova\u0165.<\/p>\n<p><strong>Model:<\/strong><\/p>\n<p>1741\/1 &#8211; Basic 7&#8243; IP video monitor biely<\/p>\n","protected":false},"excerpt":{"rendered":"<p>IPerCom Basic je n\u00e1\u0161 z\u00e1kladn\u00fd 7&#8243; IP monitor s dotykovou obrazovkou, ktor\u00fd je ide\u00e1lny pre projekty, ktor\u00e9 vy\u017eaduj\u00fa pokro\u010dil\u00fd, ale cenovo v\u00fdhodn\u00fd bytov\u00fd monitor. Hoci sa naz\u00fdva Basic \u201ez\u00e1kladn\u00fd\u201c, v skuto\u010dnosti je pln\u00fd u\u017eito\u010dn\u00fdch funkci\u00ed pre obyvate\u013eov aj spr\u00e1vcov budov, a preto je ide\u00e1lny pre projekty, ktor\u00e9 vy\u017eaduj\u00fa pokro\u010dil\u00e9 funkcie za prijate\u013en\u00fa cenu. Z\u00e1kladn\u00fd&#8230; Nakoniec&hellip;<\/p>\n","protected":false},"featured_media":22749,"template":"","meta":{"_monsterinsights_skip_tracking":false,"_monsterinsights_sitenote_active":false,"_monsterinsights_sitenote_note":"","_monsterinsights_sitenote_category":0},"product_cat":[56],"product_tag":[69,70,71],"_links":{"self":[{"href":"https:\/\/www.urmet.sk\/index.php?rest_route=\/wp\/v2\/product\/22747"}],"collection":[{"href":"https:\/\/www.urmet.sk\/index.php?rest_route=\/wp\/v2\/product"}],"about":[{"href":"https:\/\/www.urmet.sk\/index.php?rest_route=\/wp\/v2\/types\/product"}],"wp:featuredmedia":[{"embeddable":true,"href":"https:\/\/www.urmet.sk\/index.php?rest_route=\/wp\/v2\/media\/22749"}],"wp:attachment":[{"href":"https:\/\/www.urmet.sk\/index.php?rest_route=%2Fwp%2Fv2%2Fmedia&parent=22747"}],"wp:term":[{"taxonomy":"product_cat","embeddable":true,"href":"https:\/\/www.urmet.sk\/index.php?rest_route=%2Fwp%2Fv2%2Fproduct_cat&post=22747"},{"taxonomy":"product_tag","embeddable":true,"href":"https:\/\/www.urmet.sk\/index.php?rest_route=%2Fwp%2Fv2%2Fproduct_tag&post=22747"}],"curies":[{"name":"wp","href":"https:\/\/api.w.org\/{rel}","templated":true}]}}