{"id":22734,"date":"2023-02-13T15:54:44","date_gmt":"2023-02-13T13:54:44","guid":{"rendered":"https:\/\/www.urmet.sk\/?post_type=product&#038;p=22734"},"modified":"2023-02-13T16:19:22","modified_gmt":"2023-02-13T14:19:22","slug":"max-10","status":"publish","type":"product","link":"https:\/\/www.urmet.sk\/?product=max-10","title":{"rendered":"MAX 10"},"content":{"rendered":"<h1><a href=\"https:\/\/ipercom.urmet.sk\/project\/max\/\">IPerCom<\/a><\/h1>\n<p><strong>MAX<\/strong> <strong>10<\/strong>\u00a0je n\u00e1\u0161 pr\u00e9miov\u00fd dotykov\u00fd monitor IP s najv\u00e4\u010d\u0161ou obrazovkou, ak\u00fa sme kedy vyrobili, so \u0161\u00edrkou 10 palcov. Max 10 sa l\u00ed\u0161i t\u00fdm, \u017ee m\u00e1 3 r\u00f4zne typy ovl\u00e1dania, m\u00f4\u017eete ho ovl\u00e1da\u0165 dotykom, hlasom a gestami. Na ovl\u00e1danie Maxa 10 sta\u010d\u00ed pou\u017ei\u0165 dotykov\u00fd displej, hovori\u0165 na\u0148 alebo pred n\u00edm m\u00e1va\u0165 rukou. Pomocou dotykov\u00e9ho ovl\u00e1dania, hlasu alebo gest m\u00f4\u017eete zapn\u00fa\u0165 displej, otvori\u0165 dvere, zobrazi\u0165 kamery vstupn\u00e9ho panela a \u010fal\u0161ie funkcie.<br \/>\nJeho elegantn\u00e9 a v\u0161estrann\u00e9 l\u00ednie z neho robia objekt s jedine\u010dn\u00fdm dizajnom, ktor\u00fd sa perfektne zapadne v akomko\u013evek s\u00fa\u010dasnom interi\u00e9ri. Jednoduch\u00e9 a u\u017e\u00edvate\u013esky pr\u00edvetiv\u00e9 rozhranie je ve\u013emi \u013eahko ovl\u00e1date\u013en\u00e9.<\/p>\n<p><strong>Max 10<\/strong> <strong>pon\u00faka nov\u00fa \u00farove\u0148 ovl\u00e1dania<\/strong><br \/>\nMax sa d\u00e1 ovl\u00e1da\u0165 3 r\u00f4znymi sp\u00f4sobmi, dotykom, hlasom alebo gestami. Jednoducho sa dotknite displeja, prehovorte na Maxa alebo pred n\u00edm m\u00e1vnite rukou a ovl\u00e1dajte ho. Funkcie, ako je zapnutie displeja, otvorenie dver\u00ed, ukon\u010denie hovoru a \u010fal\u0161ie, mo\u017eno ovl\u00e1da\u0165 dotykom, hlasom alebo gestami.<\/p>\n<p><strong>Max 10 m\u00e1 integr\u00e1ciu CCTV<\/strong><br \/>\nMax m\u00e1 RTSP, ktor\u00fd poskytuje obyvate\u013eom mo\u017enos\u0165 sledova\u0165 \u017eiv\u00e9 prenosy z kamier v budov\u00e1ch priamo z monitora v ich byte. Obyvate\u013e m\u00f4\u017ee dokonca zhotovova\u0165 sn\u00edmky z kan\u00e1lov CCTV kamier a uklada\u0165 ich priamo na svoj monitor Max, aby si ich mohol nesk\u00f4r prezera\u0165 alebo exportova\u0165.<\/p>\n<p><strong>Max 10 kombinuje luxus s funk\u010dnos\u0165ou<\/strong><br \/>\nS najv\u00e4\u010d\u0161ou obrazovkou, ak\u00fa sme kedy vyrobili, \u0161irokou 10 palcov, zasadenou do r\u00e1mu z br\u00fasen\u00e9ho hlin\u00edka a s pokro\u010dil\u00fdmi funkciami, ako je automatick\u00e9 presmerovanie hovorov, sledovanie vstupn\u00e9ho panela a kamerov\u00e9ho syst\u00e9mu, ktor\u00e9 s\u00fa k dispoz\u00edcii hne\u010f po vybalen\u00ed; Max nerob\u00ed kompromisy vo vzh\u013eade ani funk\u010dnosti.<\/p>\n<p><strong>Model:<\/strong><\/p>\n<p>1717\/21 &#8211; MAX 10 biely<\/p>\n","protected":false},"excerpt":{"rendered":"<p>IPerCom MAX 10\u00a0je n\u00e1\u0161 pr\u00e9miov\u00fd dotykov\u00fd monitor IP s najv\u00e4\u010d\u0161ou obrazovkou, ak\u00fa sme kedy vyrobili, so \u0161\u00edrkou 10 palcov. Max 10 sa l\u00ed\u0161i t\u00fdm, \u017ee m\u00e1 3 r\u00f4zne typy ovl\u00e1dania, m\u00f4\u017eete ho ovl\u00e1da\u0165 dotykom, hlasom a gestami. Na ovl\u00e1danie Maxa 10 sta\u010d\u00ed pou\u017ei\u0165 dotykov\u00fd displej, hovori\u0165 na\u0148 alebo pred n\u00edm m\u00e1va\u0165 rukou. Pomocou dotykov\u00e9ho ovl\u00e1dania,&hellip;<\/p>\n","protected":false},"featured_media":22745,"template":"","meta":{"_monsterinsights_skip_tracking":false,"_monsterinsights_sitenote_active":false,"_monsterinsights_sitenote_note":"","_monsterinsights_sitenote_category":0},"product_cat":[56],"product_tag":[69,70,71],"_links":{"self":[{"href":"https:\/\/www.urmet.sk\/index.php?rest_route=\/wp\/v2\/product\/22734"}],"collection":[{"href":"https:\/\/www.urmet.sk\/index.php?rest_route=\/wp\/v2\/product"}],"about":[{"href":"https:\/\/www.urmet.sk\/index.php?rest_route=\/wp\/v2\/types\/product"}],"wp:featuredmedia":[{"embeddable":true,"href":"https:\/\/www.urmet.sk\/index.php?rest_route=\/wp\/v2\/media\/22745"}],"wp:attachment":[{"href":"https:\/\/www.urmet.sk\/index.php?rest_route=%2Fwp%2Fv2%2Fmedia&parent=22734"}],"wp:term":[{"taxonomy":"product_cat","embeddable":true,"href":"https:\/\/www.urmet.sk\/index.php?rest_route=%2Fwp%2Fv2%2Fproduct_cat&post=22734"},{"taxonomy":"product_tag","embeddable":true,"href":"https:\/\/www.urmet.sk\/index.php?rest_route=%2Fwp%2Fv2%2Fproduct_tag&post=22734"}],"curies":[{"name":"wp","href":"https:\/\/api.w.org\/{rel}","templated":true}]}}