{"id":22727,"date":"2023-02-13T12:54:08","date_gmt":"2023-02-13T10:54:08","guid":{"rendered":"https:\/\/www.urmet.sk\/?post_type=product&#038;p=22727"},"modified":"2023-02-13T15:51:29","modified_gmt":"2023-02-13T13:51:29","slug":"vog-7","status":"publish","type":"product","link":"https:\/\/www.urmet.sk\/?product=vog-7","title":{"rendered":"VOG 7"},"content":{"rendered":"<p><strong>VOG 7<\/strong> je n\u00e1\u0161 pokro\u010dil\u00fd 7-palcov\u00fd IP monitor s dotykovou obrazovkou, ktor\u00fd je k dispoz\u00edcii na povrchov\u00fa aj zapusten\u00fa mont\u00e1\u017e. <strong>VOG 7<\/strong> sa l\u00ed\u0161i t\u00fdm, \u017ee m\u00e1 3 r\u00f4zne typy ovl\u00e1dania, m\u00f4\u017eete ho ovl\u00e1da\u0165 dotykom, hlasom a gestami. Na ovl\u00e1danie monitora <strong>VOG 7<\/strong> sta\u010d\u00ed pou\u017ei\u0165 dotykov\u00fa obrazovku, hovori\u0165 na\u0148 alebo pred n\u00edm m\u00e1va\u0165 rukou. Pomocou dotykov\u00e9ho ovl\u00e1dania, hlasu alebo gest m\u00f4\u017eete zapn\u00fa\u0165 displej, otvori\u0165 dvere, zobrazi\u0165 z\u00e1znamy z kamery vstupn\u00e9ho panela a \u010fal\u0161ie funkcie. S<strong> VOG 7<\/strong> m\u00f4\u017eu pou\u017e\u00edvatelia nielen vyu\u017e\u00edva\u0165 v\u00fdhody typick\u00fd syst\u00e9m videotelef\u00f3nu funkcie, ale aj vyu\u017e\u00edva\u0165 v\u00e4\u010d\u0161inu pokro\u010dil\u00fdch funkci\u00ed inteligentnej dom\u00e1cnosti \u00faplne bezdotykovo.<\/p>\n<p><strong>Bud\u00facnos\u0165 na dosah! VOG 7 je prv\u00fd video monitor s integrovan\u00fdm patentovan\u00fdm telef\u00f3nom hlasov\u00e9ho asistenta.\u00a0<\/strong><\/p>\n<p>IPerCom &#8211; <a href=\"https:\/\/ipercom.urmet.sk\/project\/vog-7\/\">https:\/\/ipercom.urmet.sk\/project\/vog-7\/\u00a0<\/a><\/p>\n<p><strong>JEDNODUCH\u00c1 INTERAKCIA &#8211; <\/strong>Okrem ovl\u00e1dania hlasom a gestami je mo\u017en\u00e9 \u013eahko prisp\u00f4sobi\u0165 grafick\u00e9 rozhranie \u0161pecifick\u00fdm potreb\u00e1m pou\u017e\u00edvate\u013ea nastaven\u00edm na: \u0161tandardn\u00fd re\u017eim, zjednodu\u0161en\u00fd re\u017eim pre star\u0161\u00edch \u013eud\u00ed, re\u017eim pre zrakovo postihnut\u00fdch \u013eud\u00ed.<\/p>\n<p>V\u010faka zabudovanej kamere umo\u017e\u0148uje VOG 7 pou\u017e\u00edvate\u013eom audio-video interkomov\u00e9 hovory a posiela\u0165 textov\u00e9 spr\u00e1vy do in\u00fdch bytov. Pren\u00e1\u0161a hovory do smartf\u00f3nov vr\u00e1tane ties\u0148ov\u00fdch volan\u00ed. Pou\u017e\u00edvate\u013e m\u00e1 tie\u017e mo\u017enos\u0165 aktivova\u0165 \u010dasovan\u00fa funkciu MUTE s funkciou samo\u010dinn\u00e9ho obnovenia<\/p>\n<p><strong>INTELIGENTN\u00c9 RIADENIE DOM\u00c1CNOSTI &#8211; <\/strong>Dotykov\u00fd displej obsahuje v\u0161etky aplik\u00e1cie Urmet (s mo\u017enos\u0165ou aktualiz\u00e1cie na syst\u00e9me Android) na ovl\u00e1danie v\u00e1\u0161ho VOG 7. J<\/p>\n<p><strong>Technick\u00e9 vlastnosti:<\/strong><\/p>\n<ul>\n<li style=\"list-style-type: none;\">\n<ul>\n<li>Rozmery: (\u0160 x V x H) 212 x 138 x 24 mm<\/li>\n<li>7&#8243; dotykov\u00fd displej IPS s rozl\u00ed\u0161en\u00edm 1240 x 600 px<\/li>\n<li>Nap\u00e1janie PoE, du\u00e1lne pripojenie LAN a Wi-Fi pre syst\u00e9my IP<\/li>\n<li>Sie\u0165ov\u00e9 rozhrania: du\u00e1lne LAN a Wi-Fi pre IP syst\u00e9my<\/li>\n<li>Farba: biela, \u010dierna<\/li>\n<li>Presmerovanie hovorov do smartf\u00f3nov<\/li>\n<\/ul>\n<\/li>\n<\/ul>\n<p><strong>Modely:<\/strong><\/p>\n<p><span style=\"text-decoration: underline;\">1761\/31<\/span> &#8211; VOG 7 v bielej farbe pre syst\u00e9my IPerCom<br \/>\n<span style=\"text-decoration: underline;\">1761\/33<\/span> &#8211; VOG 7 v \u010diernej farbe pre syst\u00e9my IPerCom<\/p>\n","protected":false},"excerpt":{"rendered":"<p>VOG 7 je n\u00e1\u0161 pokro\u010dil\u00fd 7-palcov\u00fd IP monitor s dotykovou obrazovkou, ktor\u00fd je k dispoz\u00edcii na povrchov\u00fa aj zapusten\u00fa mont\u00e1\u017e. VOG 7 sa l\u00ed\u0161i t\u00fdm, \u017ee m\u00e1 3 r\u00f4zne typy ovl\u00e1dania, m\u00f4\u017eete ho ovl\u00e1da\u0165 dotykom, hlasom a gestami. Na ovl\u00e1danie monitora VOG 7 sta\u010d\u00ed pou\u017ei\u0165 dotykov\u00fa obrazovku, hovori\u0165 na\u0148 alebo pred n\u00edm m\u00e1va\u0165 rukou. Pomocou&hellip;<\/p>\n","protected":false},"featured_media":22732,"template":"","meta":{"_monsterinsights_skip_tracking":false,"_monsterinsights_sitenote_active":false,"_monsterinsights_sitenote_note":"","_monsterinsights_sitenote_category":0},"product_cat":[56],"product_tag":[],"_links":{"self":[{"href":"https:\/\/www.urmet.sk\/index.php?rest_route=\/wp\/v2\/product\/22727"}],"collection":[{"href":"https:\/\/www.urmet.sk\/index.php?rest_route=\/wp\/v2\/product"}],"about":[{"href":"https:\/\/www.urmet.sk\/index.php?rest_route=\/wp\/v2\/types\/product"}],"wp:featuredmedia":[{"embeddable":true,"href":"https:\/\/www.urmet.sk\/index.php?rest_route=\/wp\/v2\/media\/22732"}],"wp:attachment":[{"href":"https:\/\/www.urmet.sk\/index.php?rest_route=%2Fwp%2Fv2%2Fmedia&parent=22727"}],"wp:term":[{"taxonomy":"product_cat","embeddable":true,"href":"https:\/\/www.urmet.sk\/index.php?rest_route=%2Fwp%2Fv2%2Fproduct_cat&post=22727"},{"taxonomy":"product_tag","embeddable":true,"href":"https:\/\/www.urmet.sk\/index.php?rest_route=%2Fwp%2Fv2%2Fproduct_tag&post=22727"}],"curies":[{"name":"wp","href":"https:\/\/api.w.org\/{rel}","templated":true}]}}