{"id":22691,"date":"2023-02-13T10:21:49","date_gmt":"2023-02-13T08:21:49","guid":{"rendered":"https:\/\/www.urmet.sk\/?post_type=product&#038;p=22691"},"modified":"2023-02-13T12:42:37","modified_gmt":"2023-02-13T10:42:37","slug":"vog-5","status":"publish","type":"product","link":"https:\/\/www.urmet.sk\/?product=vog-5","title":{"rendered":"VOG 5"},"content":{"rendered":"<p><strong>VOG 5<\/strong> je n\u00e1\u0161 z\u00e1kladn\u00fd 5-palcov\u00fd monitor, ktor\u00fd je ide\u00e1lny pre mal\u00e9, ale aj ve\u013ek\u00e9 in\u0161tal\u00e1cie \u010di u\u017e ako IP rie\u0161enie, alebo 2Voice digit\u00e1lne rie\u0161enie. \u010co rob\u00ed <strong>VOG 5<\/strong> odli\u0161n\u00fdm, je to, \u017ee ho m\u00f4\u017eete ovl\u00e1da\u0165 dotykom a gestami. Na ovl\u00e1danie jednoducho pou\u017eijete beztla\u010didlov\u00e9 ovl\u00e1dacie prvky na prednej strane\u00a0 alebo pred n\u00edm m\u00e1vnete rukou. M\u00f4\u017eete zapn\u00fa\u0165 displej, otvori\u0165 dvere, prezera\u0165 si vstupy z kamery vstupn\u00e9ho panela a \u010fal\u0161ie, a to v\u0161etko pomocou ovl\u00e1dania gestami.<\/p>\n<p><strong>Perfektn\u00fd v ka\u017edom detaile.<\/strong><\/p>\n<p>VOG 5 m\u00e1 8 beztla\u010didlov\u00fdch, dotykov\u00fdch ovl\u00e1dac\u00edch prvkov na prednej strane (4 z nich s\u00fa podsvieten\u00e9 LED di\u00f3dami), ktor\u00e9 v\u00e1m umo\u017e\u0148uj\u00fa:<\/p>\n<ul>\n<li>Otvori\u0165 dvere\/br\u00e1nu<\/li>\n<li>Vst\u00fapi\u0165 do menu ponuky<\/li>\n<li>Zapn\u00fa\u0165\/vypn\u00fa\u0165 mikrof\u00f3n<\/li>\n<li>Zavolajte recepciu<\/li>\n<li>Zobrazi\u0165 vstupn\u00fd panel<\/li>\n<li>Stlmi\u0165 vyzv\u00e1nanie (na\u010dasovan\u00e9)<\/li>\n<li>Nastavi\u0165 vlastn\u00fa funkciu (tla\u010didlo 1)<\/li>\n<li>Nastavi\u0165 vlastn\u00fa funkciu (tla\u010didlo 2)<\/li>\n<\/ul>\n<p>&nbsp;<\/p>\n<p><strong>Technick\u00e9 vlastnosti:<\/strong><\/p>\n<ul>\n<li style=\"list-style-type: none;\">\n<ul>\n<li>Rozmery: (\u0160 x V x H) 130 x 160 x 26 mm<\/li>\n<li>5&#8243; displej IPS 800 x 480 px<\/li>\n<li>Presmerovanie hovorov na smartf\u00f3n v syst\u00e9moch IP (v syst\u00e9me 2Voice pomocou 1083\/58a, alebo 1083\/83<\/li>\n<li>Nap\u00e1janie PoE cez port RJ45 pre IP syst\u00e9m<\/li>\n<li>syst\u00e9mov\u00e9 nap\u00e1janie pre syst\u00e9my 2voice<\/li>\n<li>Farba: biela<\/li>\n<\/ul>\n<\/li>\n<\/ul>\n<p><strong>Modely:<\/strong><\/p>\n<p><span style=\"text-decoration: underline;\">1760\/6<\/span> &#8211; VOG 5 v bielej farbe pre syst\u00e9my 2Voice<br \/>\n<span style=\"text-decoration: underline;\">1761\/6<\/span> &#8211; VOG 5 v bielej farbe pre syst\u00e9my IPerCom<\/p>\n","protected":false},"excerpt":{"rendered":"<p>VOG 5 je n\u00e1\u0161 z\u00e1kladn\u00fd 5-palcov\u00fd monitor, ktor\u00fd je ide\u00e1lny pre mal\u00e9, ale aj ve\u013ek\u00e9 in\u0161tal\u00e1cie \u010di u\u017e ako IP rie\u0161enie, alebo 2Voice digit\u00e1lne rie\u0161enie. \u010co rob\u00ed VOG 5 odli\u0161n\u00fdm, je to, \u017ee ho m\u00f4\u017eete ovl\u00e1da\u0165 dotykom a gestami. Na ovl\u00e1danie jednoducho pou\u017eijete beztla\u010didlov\u00e9 ovl\u00e1dacie prvky na prednej strane\u00a0 alebo pred n\u00edm m\u00e1vnete rukou. M\u00f4\u017eete&hellip;<\/p>\n","protected":false},"featured_media":22726,"template":"","meta":{"_monsterinsights_skip_tracking":false,"_monsterinsights_sitenote_active":false,"_monsterinsights_sitenote_note":"","_monsterinsights_sitenote_category":0},"product_cat":[56],"product_tag":[],"_links":{"self":[{"href":"https:\/\/www.urmet.sk\/index.php?rest_route=\/wp\/v2\/product\/22691"}],"collection":[{"href":"https:\/\/www.urmet.sk\/index.php?rest_route=\/wp\/v2\/product"}],"about":[{"href":"https:\/\/www.urmet.sk\/index.php?rest_route=\/wp\/v2\/types\/product"}],"wp:featuredmedia":[{"embeddable":true,"href":"https:\/\/www.urmet.sk\/index.php?rest_route=\/wp\/v2\/media\/22726"}],"wp:attachment":[{"href":"https:\/\/www.urmet.sk\/index.php?rest_route=%2Fwp%2Fv2%2Fmedia&parent=22691"}],"wp:term":[{"taxonomy":"product_cat","embeddable":true,"href":"https:\/\/www.urmet.sk\/index.php?rest_route=%2Fwp%2Fv2%2Fproduct_cat&post=22691"},{"taxonomy":"product_tag","embeddable":true,"href":"https:\/\/www.urmet.sk\/index.php?rest_route=%2Fwp%2Fv2%2Fproduct_tag&post=22691"}],"curies":[{"name":"wp","href":"https:\/\/api.w.org\/{rel}","templated":true}]}}