{"id":21381,"date":"2020-03-28T17:07:46","date_gmt":"2020-03-28T15:07:46","guid":{"rendered":"http:\/\/www.urmet.sk\/?post_type=product&#038;p=21381"},"modified":"2021-01-20T09:47:07","modified_gmt":"2021-01-20T07:47:07","slug":"miro-audio","status":"publish","type":"product","link":"https:\/\/www.urmet.sk\/?product=miro-audio","title":{"rendered":"MIRO AUDIO"},"content":{"rendered":"<p>Audio telef\u00f3n <strong>MIRO<\/strong> je skvel\u00fdm doplnkom vo va\u0161om byte alebo kancel\u00e1rii. M\u00f4\u017ee sa pou\u017ei\u0165 v pr\u00edpadoch, ke\u010f je potrebn\u00e9 zabezpe\u010di\u0165 iba zvukov\u00fa komunik\u00e1ciu, alebo s cie\u013eom u\u0161etri\u0165 peniaze bez obetovania dizajnu a funk\u010dnosti, popr\u00edpade ako doplnok k videotelef\u00f3nu.<\/p>\n<p>&nbsp;<\/p>\n<p><strong>Hlavn\u00e9 vlastnosti v z\u00e1vislosti od typu:<\/strong><\/p>\n<ul>\n<li>Mont\u00e1\u017e na stenu<\/li>\n<li>Farba puzdra &#8211; leskl\u00e1 biela<\/li>\n<li>R\u00f4zne sign\u00e1ly pre volanie zo spolo\u010dn\u00e9ho panelu volan\u00ed, vr\u00e1tnika a zvon\u010deka<\/li>\n<li>Tich\u00fd re\u017eim<\/li>\n<li>Ovl\u00e1danie druh\u00e9ho rel\u00e9 hovoru<\/li>\n<li>LED indik\u00e1cia pr\u00edchodu hovoru a funkci\u00ed<\/li>\n<li>Mont\u00e1\u017e na stenu pomocou mont\u00e1\u017enej krabice<\/li>\n<li>priemer 60 mm<\/li>\n<li>Programovanie pomocou DIP<\/li>\n<\/ul>\n<p>&nbsp;<\/p>\n<p><img loading=\"lazy\" decoding=\"async\" class=\"alignnone wp-image-21384\" src=\"http:\/\/www.urmet.sk\/wp-content\/uploads\/2020\/03\/1183-audio-romery-300x146.png\" alt=\"\" width=\"417\" height=\"203\" srcset=\"https:\/\/www.urmet.sk\/wp-content\/uploads\/2020\/03\/1183-audio-romery-300x146.png 300w, https:\/\/www.urmet.sk\/wp-content\/uploads\/2020\/03\/1183-audio-romery-1024x500.png 1024w, https:\/\/www.urmet.sk\/wp-content\/uploads\/2020\/03\/1183-audio-romery-768x375.png 768w, https:\/\/www.urmet.sk\/wp-content\/uploads\/2020\/03\/1183-audio-romery-600x293.png 600w, https:\/\/www.urmet.sk\/wp-content\/uploads\/2020\/03\/1183-audio-romery.png 1444w\" sizes=\"(max-width: 417px) 100vw, 417px\" \/><\/p>\n<p>&nbsp;<\/p>\n<p><strong>Modely:<\/strong><\/p>\n<p>1183\/5 &#8211; Miro audio telef\u00f3n (2Voice)<br \/>\n1183\/4 &#8211; Miro audio hansfree telef\u00f3n s 1 tla\u010didlom (2Voice)<br \/>\n1150\/35 &#8211; Miro audio telef\u00f3n (1+N)<br \/>\n1150\/1 &#8211; Miro audio hansfree telef\u00f3n (4+N)<br \/>\n1150 &#8211; Miro audio hansfree telef\u00f3n s 1 tla\u010didlom (4+N)<\/p>\n","protected":false},"excerpt":{"rendered":"<p><img loading=\"lazy\" decoding=\"async\" class=\"alignnone size-full wp-image-15906\" src=\"http:\/\/www.urmet.sk\/new2020\/wp-content\/uploads\/2019\/09\/podporuje.png\" alt=\"\" width=\"173\" height=\"150\" \/><\/p>\n","protected":false},"featured_media":21382,"template":"","meta":{"_monsterinsights_skip_tracking":false,"_monsterinsights_sitenote_active":false,"_monsterinsights_sitenote_note":"","_monsterinsights_sitenote_category":0},"product_cat":[56],"product_tag":[106,105,70],"_links":{"self":[{"href":"https:\/\/www.urmet.sk\/index.php?rest_route=\/wp\/v2\/product\/21381"}],"collection":[{"href":"https:\/\/www.urmet.sk\/index.php?rest_route=\/wp\/v2\/product"}],"about":[{"href":"https:\/\/www.urmet.sk\/index.php?rest_route=\/wp\/v2\/types\/product"}],"wp:featuredmedia":[{"embeddable":true,"href":"https:\/\/www.urmet.sk\/index.php?rest_route=\/wp\/v2\/media\/21382"}],"wp:attachment":[{"href":"https:\/\/www.urmet.sk\/index.php?rest_route=%2Fwp%2Fv2%2Fmedia&parent=21381"}],"wp:term":[{"taxonomy":"product_cat","embeddable":true,"href":"https:\/\/www.urmet.sk\/index.php?rest_route=%2Fwp%2Fv2%2Fproduct_cat&post=21381"},{"taxonomy":"product_tag","embeddable":true,"href":"https:\/\/www.urmet.sk\/index.php?rest_route=%2Fwp%2Fv2%2Fproduct_tag&post=21381"}],"curies":[{"name":"wp","href":"https:\/\/api.w.org\/{rel}","templated":true}]}}