{"id":21370,"date":"2020-03-28T15:16:42","date_gmt":"2020-03-28T13:16:42","guid":{"rendered":"http:\/\/www.urmet.sk\/?post_type=product&#038;p=21370"},"modified":"2023-02-13T15:52:38","modified_gmt":"2023-02-13T13:52:38","slug":"miro-audio-handsfree","status":"publish","type":"product","link":"https:\/\/www.urmet.sk\/?product=miro-audio-handsfree","title":{"rendered":"MIRO AUDIO HANDSFREE"},"content":{"rendered":"<p>Ide o najmen\u0161\u00ed telef\u00f3n z produktovej rady <strong>MIRO<\/strong>.<br \/>\n<strong>Kompaktn\u00fd, ergonomick\u00fd a funk\u010dn\u00fd<\/strong> audio telef\u00f3n najnov\u0161ej gener\u00e1cie sa stane inteligentn\u00fdm a hospod\u00e1rnym rie\u0161en\u00edm pre <strong>audio komunik\u00e1ciu<\/strong> s n\u00e1v\u0161tevn\u00edkmi, ovl\u00e1dania odomykania dver\u00ed a mnoho \u010fal\u0161\u00edch funkci\u00ed interkomov\u00e9ho syst\u00e9mu.<\/p>\n<p style=\"font-weight: 400;\">Modern\u00e1 handsfree technol\u00f3gia (Hands-Free) poskytuje maxim\u00e1lne pohodlie a \u013eahk\u00fa komunik\u00e1ciu stla\u010den\u00edm jedin\u00e9ho tla\u010didla bez pou\u017eitia nepohodln\u00e9ho a zastaral\u00e9ho sl\u00fachadla, v\u010faka \u010domu je\u00a0\u00a0MIRO skuto\u010dne kompaktn\u00fd.<\/p>\n<p style=\"font-weight: 400;\"><strong>Vonkaj\u0161ie rozmery zariadenia s\u00fa iba 110 x 80 x <\/strong><strong>19 mm<\/strong><strong>,<\/strong><\/p>\n<p style=\"font-weight: 400;\">V\u010faka vysokej kvalite bieleho leskom z ABS plastu, z ktor\u00e9hoj je zariadenie vyroben\u00e9, sa harmonicky kombinuje s ak\u00fdmko\u013evek interi\u00e9rom a jeho kompaktn\u00e1 ve\u013ekos\u0165 rob\u00ed zariadenie skuto\u010dne nen\u00e1padn\u00fdm.<\/p>\n<p style=\"font-weight: 400;\">Na prednej strane zariadenia s\u00fa tla\u010didl\u00e1 na ovl\u00e1danie komunik\u00e1cie a odomknutie dver\u00ed, ako aj \u0161tyri servisn\u00e9 tla\u010didl\u00e1. Dve z nich s\u00fa syst\u00e9mov\u00e9 a m\u00f4\u017eu sa pou\u017ei\u0165 na volanie recepcie, otvorenie br\u00e1ny, aktiv\u00e1ciu internej komunik\u00e1cie s ostatn\u00fdmi \u00fa\u010dastn\u00edkmi alebo riadiacich syst\u00e9mov pomocou dekod\u00e9rov so \u0161peci\u00e1lnymi funkciami. \u010eal\u0161ie dve tla\u010didl\u00e1 s\u00fa otvoren\u00e9 kontakty, pomocou ktor\u00fdch m\u00f4\u017eete <strong>zapoji\u0165<\/strong> alebo dia\u013ekovo ovl\u00e1da\u0165 dom\u00e1cu automatiz\u00e1ciu <strong>YOKIS<\/strong>\u00a0, ako aj in\u00e9 syst\u00e9my.<\/p>\n<p style=\"font-weight: 400;\"><b style=\"font-weight: 400;\">Priamo na zariaden\u00ed m\u00f4\u017eete pripoji\u0165 tla\u010didlo na zvonenie <\/b><b>spred<\/b><b style=\"font-weight: 400;\"> dver\u00ed, <\/b>ako aj na\u00a0<strong>paniku<\/strong>, kliknut\u00edm na ktor\u00e9 sa odo\u0161le poplach na recep\u010dn\u00fd pult s uveden\u00edm bytu, z ktor\u00e9ho sign\u00e1l poch\u00e1dza.<\/p>\n<p style=\"font-weight: 400;\"><strong>Pripojenie\u00a0<\/strong><strong>MIRO do <\/strong><strong>syst\u00e9mu <\/strong><strong>1039\u00a0<\/strong><strong>IPERVOICE<\/strong><strong>\u00a0pomocou konektora <\/strong><strong>RJ\u00a0<\/strong><strong>45. Zariadenie je nap\u00e1jan\u00e9 pomocou protokolu\u00a0<\/strong><strong>nap\u00e1janie\u00a0<\/strong><strong>cez\u00a0<\/strong><strong>Ethernet\u00a0<\/strong><strong>\u00a0(\u00a0<\/strong><strong>PoE\u00a0<\/strong><strong>) 802,3\u00a0<\/strong><strong>af\u00a0<\/strong><strong>.<\/strong><\/p>\n<p>&nbsp;<\/p>\n<p><img loading=\"lazy\" decoding=\"async\" class=\"alignnone wp-image-21371\" src=\"http:\/\/www.urmet.sk\/wp-content\/uploads\/2019\/08\/miro-audio-hansfree-300x144.png\" alt=\"\" width=\"452\" height=\"217\" srcset=\"https:\/\/www.urmet.sk\/wp-content\/uploads\/2019\/08\/miro-audio-hansfree-300x144.png 300w, https:\/\/www.urmet.sk\/wp-content\/uploads\/2019\/08\/miro-audio-hansfree-1024x490.png 1024w, https:\/\/www.urmet.sk\/wp-content\/uploads\/2019\/08\/miro-audio-hansfree-768x368.png 768w, https:\/\/www.urmet.sk\/wp-content\/uploads\/2019\/08\/miro-audio-hansfree-600x287.png 600w, https:\/\/www.urmet.sk\/wp-content\/uploads\/2019\/08\/miro-audio-hansfree.png 1403w\" sizes=\"(max-width: 452px) 100vw, 452px\" \/><\/p>\n<p>&nbsp;<\/p>\n<p><strong>Modely:<\/strong><\/p>\n<p>1183\/7 &#8211; Miro audio hansfree telef\u00f3n biely<\/p>\n<p>1183\/8 &#8211; Miro audio hansfree telef\u00f3n \u010dierny<\/p>\n","protected":false},"excerpt":{"rendered":"<p><img loading=\"lazy\" decoding=\"async\" class=\"alignnone size-full wp-image-15906\" src=\"http:\/\/www.urmet.sk\/new2020\/wp-content\/uploads\/2019\/09\/podporuje.png\" alt=\"\" width=\"173\" height=\"150\" \/><\/p>\n","protected":false},"featured_media":21377,"template":"","meta":{"_monsterinsights_skip_tracking":false,"_monsterinsights_sitenote_active":false,"_monsterinsights_sitenote_note":"","_monsterinsights_sitenote_category":0},"product_cat":[56],"product_tag":[106,105,69,70],"_links":{"self":[{"href":"https:\/\/www.urmet.sk\/index.php?rest_route=\/wp\/v2\/product\/21370"}],"collection":[{"href":"https:\/\/www.urmet.sk\/index.php?rest_route=\/wp\/v2\/product"}],"about":[{"href":"https:\/\/www.urmet.sk\/index.php?rest_route=\/wp\/v2\/types\/product"}],"wp:featuredmedia":[{"embeddable":true,"href":"https:\/\/www.urmet.sk\/index.php?rest_route=\/wp\/v2\/media\/21377"}],"wp:attachment":[{"href":"https:\/\/www.urmet.sk\/index.php?rest_route=%2Fwp%2Fv2%2Fmedia&parent=21370"}],"wp:term":[{"taxonomy":"product_cat","embeddable":true,"href":"https:\/\/www.urmet.sk\/index.php?rest_route=%2Fwp%2Fv2%2Fproduct_cat&post=21370"},{"taxonomy":"product_tag","embeddable":true,"href":"https:\/\/www.urmet.sk\/index.php?rest_route=%2Fwp%2Fv2%2Fproduct_tag&post=21370"}],"curies":[{"name":"wp","href":"https:\/\/api.w.org\/{rel}","templated":true}]}}