{"id":21272,"date":"2020-03-27T20:07:09","date_gmt":"2020-03-27T18:07:09","guid":{"rendered":"http:\/\/www.urmet.sk\/?post_type=product&#038;p=21272"},"modified":"2020-03-28T11:04:55","modified_gmt":"2020-03-28T09:04:55","slug":"exigo","status":"publish","type":"product","link":"https:\/\/www.urmet.sk\/?product=exigo","title":{"rendered":"Exigo"},"content":{"rendered":"<h3><strong>Panely s jedine\u010dn\u00fdm dizajnom pre znalcov talianskeho \u0161t\u00fdlu a najvy\u0161\u0161ej kvality.<\/strong><\/h3>\n<p><strong>Pr\u00e9miov\u00e9 vstupn\u00e9 panely<\/strong> URMET sa ka\u017ed\u00fd rok st\u00e1vaj\u00fa \u010doraz ob\u013e\u00fabenej\u0161\u00edmi v segmente nehnute\u013enost\u00ed elitnej skupiny. Dokonal\u00e1 kvalita, jedine\u010dn\u00fd taliansky dizajn a \u0161irok\u00e1 funk\u010dnos\u0165 elitn\u00fdch vstupn\u00fdch panelov URMET zd\u00f4raz\u0148uj\u00fa vysok\u00fd stav reziden\u010dn\u00e9ho komplexu a zaujm\u00fa aj t\u00fdch najn\u00e1ro\u010dnej\u0161\u00edch.<\/p>\n<p>V\u010faka pou\u017eitiu <strong>pokro\u010dil\u00fdch<\/strong> technick\u00fdch rie\u0161en\u00ed m\u00e1 <strong>EXIGO<\/strong> jedine\u010dn\u00e9 vlastnosti, kombinuj\u00face silu a spo\u013eahlivos\u0165 s funk\u010dnos\u0165ou a ergon\u00f3miou.\u00a0Panel je mo\u017en\u00e9 prev\u00e1dzkova\u0165 v ak\u00fdchko\u013evek klimatick\u00fdch podmienkach a jeho pevnos\u0165 a atrakt\u00edvny dizajn umo\u017e\u0148uj\u00fa nielen vybavenie vstupn\u00fdch br\u00e1n, ale tie\u017e poskytuj\u00fa v\u00fdhody pri vytv\u00e1ran\u00ed \u010fal\u0161\u00edch pr\u00edstupov\u00fdch liniek, pri vybavovan\u00ed kancel\u00e1ri\u00ed v obchodnom centre alebo bytoch v elitnom reziden\u010dnom komplexe.<\/p>\n<p><strong>EXIGO SPECIAL<\/strong> &#8211; rad panelov pr\u00e9miov\u00fdch vstupn\u00fdch panelov URMET s bohat\u00fdmi pr\u00edle\u017eitos\u0165ami pre rozvoj individu\u00e1lneho \u0161t\u00fdlu a dizajnu. Elitn\u00fd vo v\u0161etkom.\u00a0V\u00fdber z 9 mo\u017enost\u00ed povrchovej \u00fapravy s r\u00f4znymi text\u00farami.\u00a0K dispoz\u00edcii s\u00fa vari\u00e1cie, pokia\u013e ide o ve\u013ekos\u0165 a zlo\u017eenie panelov, grav\u00edrovanie n\u00e1pisov a log.\u00a0Predstavte si a vytvorte si vlastn\u00fd panel, ktor\u00fd bude presne vyhovova\u0165 v\u00e1\u0161mu \u0161t\u00fdlu a zap\u00f4sob\u00ed na va\u0161ich host\u00ed. URMET v\u00e1m s t\u00fdm pom\u00f4\u017ee.<\/p>\n<p><img loading=\"lazy\" decoding=\"async\" class=\"alignnone wp-image-21292\" src=\"http:\/\/www.urmet.sk\/wp-content\/uploads\/2020\/03\/verzie-exigo-300x197.png\" alt=\"\" width=\"701\" height=\"460\" srcset=\"https:\/\/www.urmet.sk\/wp-content\/uploads\/2020\/03\/verzie-exigo-300x197.png 300w, https:\/\/www.urmet.sk\/wp-content\/uploads\/2020\/03\/verzie-exigo-1024x671.png 1024w, https:\/\/www.urmet.sk\/wp-content\/uploads\/2020\/03\/verzie-exigo-768x503.png 768w, https:\/\/www.urmet.sk\/wp-content\/uploads\/2020\/03\/verzie-exigo-600x393.png 600w, https:\/\/www.urmet.sk\/wp-content\/uploads\/2020\/03\/verzie-exigo.png 1367w\" sizes=\"(max-width: 701px) 100vw, 701px\" \/><\/p>\n<p>&nbsp;<\/p>\n<ul>\n<li>Grav\u00edrovanie na kov<\/li>\n<\/ul>\n<p><img loading=\"lazy\" decoding=\"async\" class=\"alignnone size-full wp-image-21297\" src=\"http:\/\/www.urmet.sk\/wp-content\/uploads\/2020\/03\/Gravirovka1.jpg\" alt=\"\" width=\"236\" height=\"122\" \/><\/p>\n<ul>\n<li>R\u00f4zne varianty p\u00edsma<\/li>\n<\/ul>\n<p><img loading=\"lazy\" decoding=\"async\" class=\"alignnone size-medium wp-image-21296\" src=\"http:\/\/www.urmet.sk\/wp-content\/uploads\/2020\/03\/Tab4-300x119.jpg\" alt=\"\" width=\"300\" height=\"119\" srcset=\"https:\/\/www.urmet.sk\/wp-content\/uploads\/2020\/03\/Tab4-300x119.jpg 300w, https:\/\/www.urmet.sk\/wp-content\/uploads\/2020\/03\/Tab4.jpg 384w\" sizes=\"(max-width: 300px) 100vw, 300px\" \/> <img loading=\"lazy\" decoding=\"async\" class=\"alignnone size-medium wp-image-21295\" src=\"http:\/\/www.urmet.sk\/wp-content\/uploads\/2020\/03\/Tab6-300x119.jpg\" alt=\"\" width=\"300\" height=\"119\" srcset=\"https:\/\/www.urmet.sk\/wp-content\/uploads\/2020\/03\/Tab6-300x119.jpg 300w, https:\/\/www.urmet.sk\/wp-content\/uploads\/2020\/03\/Tab6.jpg 384w\" sizes=\"(max-width: 300px) 100vw, 300px\" \/> <img loading=\"lazy\" decoding=\"async\" class=\"alignnone size-medium wp-image-21293\" src=\"http:\/\/www.urmet.sk\/wp-content\/uploads\/2020\/03\/tab11-300x130.jpg\" alt=\"\" width=\"300\" height=\"130\" srcset=\"https:\/\/www.urmet.sk\/wp-content\/uploads\/2020\/03\/tab11-300x130.jpg 300w, https:\/\/www.urmet.sk\/wp-content\/uploads\/2020\/03\/tab11.jpg 362w\" sizes=\"(max-width: 300px) 100vw, 300px\" \/><\/p>\n","protected":false},"excerpt":{"rendered":"<p>Panely s jedine\u010dn\u00fdm dizajnom pre znalcov talianskeho \u0161t\u00fdlu a najvy\u0161\u0161ej kvality. Pr\u00e9miov\u00e9 vstupn\u00e9 panely URMET sa ka\u017ed\u00fd rok st\u00e1vaj\u00fa \u010doraz ob\u013e\u00fabenej\u0161\u00edmi v segmente nehnute\u013enost\u00ed elitnej skupiny. Dokonal\u00e1 kvalita, jedine\u010dn\u00fd taliansky dizajn a \u0161irok\u00e1 funk\u010dnos\u0165 elitn\u00fdch vstupn\u00fdch panelov URMET zd\u00f4raz\u0148uj\u00fa vysok\u00fd stav reziden\u010dn\u00e9ho komplexu a zaujm\u00fa aj t\u00fdch najn\u00e1ro\u010dnej\u0161\u00edch. V\u010faka pou\u017eitiu pokro\u010dil\u00fdch technick\u00fdch rie\u0161en\u00ed m\u00e1 EXIGO&hellip;<\/p>\n","protected":false},"featured_media":21274,"template":"","meta":{"_monsterinsights_skip_tracking":false,"_monsterinsights_sitenote_active":false,"_monsterinsights_sitenote_note":"","_monsterinsights_sitenote_category":0},"product_cat":[50],"product_tag":[103,104,102,96],"_links":{"self":[{"href":"https:\/\/www.urmet.sk\/index.php?rest_route=\/wp\/v2\/product\/21272"}],"collection":[{"href":"https:\/\/www.urmet.sk\/index.php?rest_route=\/wp\/v2\/product"}],"about":[{"href":"https:\/\/www.urmet.sk\/index.php?rest_route=\/wp\/v2\/types\/product"}],"wp:featuredmedia":[{"embeddable":true,"href":"https:\/\/www.urmet.sk\/index.php?rest_route=\/wp\/v2\/media\/21274"}],"wp:attachment":[{"href":"https:\/\/www.urmet.sk\/index.php?rest_route=%2Fwp%2Fv2%2Fmedia&parent=21272"}],"wp:term":[{"taxonomy":"product_cat","embeddable":true,"href":"https:\/\/www.urmet.sk\/index.php?rest_route=%2Fwp%2Fv2%2Fproduct_cat&post=21272"},{"taxonomy":"product_tag","embeddable":true,"href":"https:\/\/www.urmet.sk\/index.php?rest_route=%2Fwp%2Fv2%2Fproduct_tag&post=21272"}],"curies":[{"name":"wp","href":"https:\/\/api.w.org\/{rel}","templated":true}]}}