{"id":21106,"date":"2020-03-23T19:18:30","date_gmt":"2020-03-23T17:18:30","guid":{"rendered":"http:\/\/www.urmet.sk\/new2020\/?post_type=product&#038;p=21106"},"modified":"2020-03-28T10:32:57","modified_gmt":"2020-03-28T08:32:57","slug":"sinthesi-s2","status":"publish","type":"product","link":"https:\/\/www.urmet.sk\/?product=sinthesi-s2","title":{"rendered":"Sinthesi S2"},"content":{"rendered":"<p><strong>Sinthesi S2 &#8211; modul\u00e1rny vstupn\u00fd panel z eloxovan\u00e9ho hlin\u00edka<\/strong><\/p>\n<p>Inovat\u00edvny a \u0161t\u00fdlov\u00fd hlinikov\u00fd modul\u00e1rny vstupn\u00fd panel od Urmetu s prepracovanej\u0161\u00edm vzh\u013eadom. V\u010faka vysokej modularite pon\u00faka \u0161irok\u00fa \u0161k\u00e1lu technick\u00fdch funkci\u00ed.<\/p>\n<p><strong>Sinthesi S2<\/strong> m\u00e1 prepracovan\u00fd dizajn, ktor\u00fd udr\u017eiava krok s aktu\u00e1lnymi trendmi v \u0161t\u00fdle. V\u010faka svojej <strong>\u010distej a ostrej l\u00ednie<\/strong> je tento vstupn\u00fd panel dokonal\u00fdm doplnkom budovy.<br \/>\nTvar tla\u010didiel bol upraven\u00fd tak, aby zodpovedal nov\u00e9mu vzh\u013eadu vstupn\u00e9ho panela. Ich ploch\u00fd povrch ich rob\u00ed pohodlnej\u0161\u00edmi na dotyk a prepo\u017ei\u010diava im <strong>robustnej\u0161\u00ed<\/strong> vzh\u013ead.<br \/>\nV\u010faka vysokej modularite je Sinthesi S2 pripraven\u00fd na <strong>horizont\u00e1lnu alebo vertik\u00e1lnu<\/strong> mont\u00e1\u017e.<\/p>\n<p>Povrchov\u00e9 \u00fapravy boli navrhnut\u00e9 tak, aby zaru\u010dovali odolnos\u0165 vo\u010di vonkaj\u0161\u00edm vplyvom, so stup\u0148om ochrany IP42.<\/p>\n<p><strong>Pr\u00edklady \u0161peci\u00e1lnych PVD povrchov Sinthesi S2<\/strong><\/p>\n<p><img loading=\"lazy\" decoding=\"async\" class=\"alignnone wp-image-21313\" src=\"http:\/\/www.urmet.sk\/wp-content\/uploads\/2020\/03\/sinthesis2-pvd-300x101.jpg\" alt=\"\" width=\"517\" height=\"174\" srcset=\"https:\/\/www.urmet.sk\/wp-content\/uploads\/2020\/03\/sinthesis2-pvd-300x101.jpg 300w, https:\/\/www.urmet.sk\/wp-content\/uploads\/2020\/03\/sinthesis2-pvd-600x202.jpg 600w, https:\/\/www.urmet.sk\/wp-content\/uploads\/2020\/03\/sinthesis2-pvd.jpg 726w\" sizes=\"(max-width: 517px) 100vw, 517px\" \/><\/p>\n<p><strong>Hlavn\u00e9 vlastnosti<\/strong><\/p>\n<ul>\n<li>Hlin\u00edkov\u00e9 telo (eloxovan\u00fd hlin\u00edk)<\/li>\n<li>Mo\u017enos\u0165 nato\u010denia kamery<\/li>\n<li>Zelen\u00e9 podsvietenie<\/li>\n<li>Zjednodu\u0161en\u00e9 zapojenie<\/li>\n<li>Kompatibiln\u00e9 s cel\u00fdm radom syst\u00e9mov Urmet<\/li>\n<li>Ide\u00e1lne pre v\u0161etky typy budov<\/li>\n<li>Zjednodu\u0161en\u00e1 kabel\u00e1\u017e<\/li>\n<\/ul>\n","protected":false},"excerpt":{"rendered":"<p>Sinthesi S2 &#8211; modul\u00e1rny vstupn\u00fd panel z eloxovan\u00e9ho hlin\u00edka Inovat\u00edvny a \u0161t\u00fdlov\u00fd hlinikov\u00fd modul\u00e1rny vstupn\u00fd panel od Urmetu s prepracovanej\u0161\u00edm vzh\u013eadom. V\u010faka vysokej modularite pon\u00faka \u0161irok\u00fa \u0161k\u00e1lu technick\u00fdch funkci\u00ed. Sinthesi S2 m\u00e1 prepracovan\u00fd dizajn, ktor\u00fd udr\u017eiava krok s aktu\u00e1lnymi trendmi v \u0161t\u00fdle. V\u010faka svojej \u010distej a ostrej l\u00ednie je tento vstupn\u00fd panel dokonal\u00fdm doplnkom budovy.&hellip;<\/p>\n","protected":false},"featured_media":21111,"template":"","meta":{"_monsterinsights_skip_tracking":false,"_monsterinsights_sitenote_active":false,"_monsterinsights_sitenote_note":"","_monsterinsights_sitenote_category":0},"product_cat":[50],"product_tag":[87,86,84,85],"_links":{"self":[{"href":"https:\/\/www.urmet.sk\/index.php?rest_route=\/wp\/v2\/product\/21106"}],"collection":[{"href":"https:\/\/www.urmet.sk\/index.php?rest_route=\/wp\/v2\/product"}],"about":[{"href":"https:\/\/www.urmet.sk\/index.php?rest_route=\/wp\/v2\/types\/product"}],"wp:featuredmedia":[{"embeddable":true,"href":"https:\/\/www.urmet.sk\/index.php?rest_route=\/wp\/v2\/media\/21111"}],"wp:attachment":[{"href":"https:\/\/www.urmet.sk\/index.php?rest_route=%2Fwp%2Fv2%2Fmedia&parent=21106"}],"wp:term":[{"taxonomy":"product_cat","embeddable":true,"href":"https:\/\/www.urmet.sk\/index.php?rest_route=%2Fwp%2Fv2%2Fproduct_cat&post=21106"},{"taxonomy":"product_tag","embeddable":true,"href":"https:\/\/www.urmet.sk\/index.php?rest_route=%2Fwp%2Fv2%2Fproduct_tag&post=21106"}],"curies":[{"name":"wp","href":"https:\/\/api.w.org\/{rel}","templated":true}]}}