{"id":17175,"date":"2019-10-07T11:39:27","date_gmt":"2019-10-07T09:39:27","guid":{"rendered":"http:\/\/www.urmet.sk\/new2020\/?post_type=product&#038;p=17175"},"modified":"2019-10-16T15:27:24","modified_gmt":"2019-10-16T13:27:24","slug":"gong-465a","status":"publish","type":"product","link":"https:\/\/www.urmet.sk\/?product=gong-465a","title":{"rendered":"Gong 465A"},"content":{"rendered":"<p>Klasick\u00fd elektromechanick\u00fd dvojt\u00f3nov\u00fd gong<br \/>\n\u2022 \u010dist\u00fd a bohat\u00fd zvuk prostredn\u00edctvom skuto\u010dnej zvonovej ocele<br \/>\n\u2022 max. 80 dB (A)<br \/>\n\u2022 Kr\u00e1tkodob\u00e9 za\u0165a\u017eenie 20 sec<br \/>\n\u2022 Nap\u00e1janie: 8-12 V AC (4 VA) alebo 9V bat\u00e9ria<\/p>\n<p><strong>Model: <\/strong>44466<\/p>\n","protected":false},"excerpt":{"rendered":"<p>Klasick\u00fd elektromechanick\u00fd dvojt\u00f3nov\u00fd gong \u2022 \u010dist\u00fd a bohat\u00fd zvuk prostredn\u00edctvom skuto\u010dnej zvonovej ocele \u2022 max. 80 dB (A) \u2022 Kr\u00e1tkodob\u00e9 za\u0165a\u017eenie 20 sec \u2022 Nap\u00e1janie: 8-12 V AC (4 VA) alebo 9V bat\u00e9ria Model: 44466<\/p>\n","protected":false},"featured_media":17176,"template":"","meta":{"_monsterinsights_skip_tracking":false,"_monsterinsights_sitenote_active":false,"_monsterinsights_sitenote_note":"","_monsterinsights_sitenote_category":0},"product_cat":[81],"product_tag":[],"_links":{"self":[{"href":"https:\/\/www.urmet.sk\/index.php?rest_route=\/wp\/v2\/product\/17175"}],"collection":[{"href":"https:\/\/www.urmet.sk\/index.php?rest_route=\/wp\/v2\/product"}],"about":[{"href":"https:\/\/www.urmet.sk\/index.php?rest_route=\/wp\/v2\/types\/product"}],"wp:featuredmedia":[{"embeddable":true,"href":"https:\/\/www.urmet.sk\/index.php?rest_route=\/wp\/v2\/media\/17176"}],"wp:attachment":[{"href":"https:\/\/www.urmet.sk\/index.php?rest_route=%2Fwp%2Fv2%2Fmedia&parent=17175"}],"wp:term":[{"taxonomy":"product_cat","embeddable":true,"href":"https:\/\/www.urmet.sk\/index.php?rest_route=%2Fwp%2Fv2%2Fproduct_cat&post=17175"},{"taxonomy":"product_tag","embeddable":true,"href":"https:\/\/www.urmet.sk\/index.php?rest_route=%2Fwp%2Fv2%2Fproduct_tag&post=17175"}],"curies":[{"name":"wp","href":"https:\/\/api.w.org\/{rel}","templated":true}]}}