{"id":16923,"date":"2019-10-01T13:58:09","date_gmt":"2019-10-01T11:58:09","guid":{"rendered":"http:\/\/www.urmet.sk\/new2020\/?post_type=product&#038;p=16923"},"modified":"2019-10-17T09:14:58","modified_gmt":"2019-10-17T07:14:58","slug":"prislusenstvo","status":"publish","type":"product","link":"https:\/\/www.urmet.sk\/?product=prislusenstvo","title":{"rendered":"Pr\u00edslu\u0161enstvo"},"content":{"rendered":"","protected":false},"excerpt":{"rendered":"<p>Ku gongom je mo\u017en\u00e9 zak\u00fapi\u0165 nasledovn\u00e9 pr\u00edslu\u0161enstvo:<\/p>\n[caption id=\"attachment_16922\" align=\"alignleft\" width=\"100\"]<img loading=\"lazy\" decoding=\"async\" class=\"wp-image-16922\" src=\"http:\/\/www.urmet.sk\/new2020\/wp-content\/uploads\/2019\/10\/echo_drziak_stenovy-150x150.png\" alt=\"\" width=\"100\" height=\"117\" srcset=\"https:\/\/www.urmet.sk\/wp-content\/uploads\/2019\/10\/echo_drziak_stenovy-257x300.png 257w, https:\/\/www.urmet.sk\/wp-content\/uploads\/2019\/10\/echo_drziak_stenovy-768x896.png 768w, https:\/\/www.urmet.sk\/wp-content\/uploads\/2019\/10\/echo_drziak_stenovy-878x1024.png 878w, https:\/\/www.urmet.sk\/wp-content\/uploads\/2019\/10\/echo_drziak_stenovy-600x700.png 600w, https:\/\/www.urmet.sk\/wp-content\/uploads\/2019\/10\/echo_drziak_stenovy.png 1200w\" sizes=\"(max-width: 100px) 100vw, 100px\" \/> 43505 &#8211; Mont\u00e1\u017ena sada pre gongy Echo[\/caption]\n[caption id=\"attachment_16924\" align=\"alignleft\" width=\"100\"]<img loading=\"lazy\" decoding=\"async\" class=\"wp-image-16924\" src=\"http:\/\/www.urmet.sk\/new2020\/wp-content\/uploads\/2019\/10\/magneticky_kontakt-150x150.png\" alt=\"\" width=\"100\" height=\"117\" srcset=\"https:\/\/www.urmet.sk\/wp-content\/uploads\/2019\/10\/magneticky_kontakt-257x300.png 257w, https:\/\/www.urmet.sk\/wp-content\/uploads\/2019\/10\/magneticky_kontakt-768x896.png 768w, https:\/\/www.urmet.sk\/wp-content\/uploads\/2019\/10\/magneticky_kontakt-878x1024.png 878w, https:\/\/www.urmet.sk\/wp-content\/uploads\/2019\/10\/magneticky_kontakt-600x700.png 600w, https:\/\/www.urmet.sk\/wp-content\/uploads\/2019\/10\/magneticky_kontakt.png 1200w\" sizes=\"(max-width: 100px) 100vw, 100px\" \/> 43394 &#8211; Magnetick\u00fd kontakt[\/caption]\n[caption id=\"attachment_16925\" align=\"alignleft\" width=\"100\"]<img loading=\"lazy\" decoding=\"async\" class=\"wp-image-16925\" src=\"http:\/\/www.urmet.sk\/new2020\/wp-content\/uploads\/2019\/10\/adapter_gongy-150x150.png\" alt=\"\" width=\"100\" height=\"117\" srcset=\"https:\/\/www.urmet.sk\/wp-content\/uploads\/2019\/10\/adapter_gongy-257x300.png 257w, https:\/\/www.urmet.sk\/wp-content\/uploads\/2019\/10\/adapter_gongy-768x896.png 768w, https:\/\/www.urmet.sk\/wp-content\/uploads\/2019\/10\/adapter_gongy-878x1024.png 878w, https:\/\/www.urmet.sk\/wp-content\/uploads\/2019\/10\/adapter_gongy-600x700.png 600w, https:\/\/www.urmet.sk\/wp-content\/uploads\/2019\/10\/adapter_gongy.png 1200w\" sizes=\"(max-width: 100px) 100vw, 100px\" \/> 43399 &#8211; Adapt\u00e9r pre gongy[\/caption]\n<p>&nbsp;<\/p>\n<p>&nbsp;<\/p>\n<p>&nbsp;<\/p>\n<p>&nbsp;<\/p>\n<p>&nbsp;<\/p>\n<p>&nbsp;<\/p>\n[caption id=\"attachment_16927\" align=\"alignleft\" width=\"100\"]<img loading=\"lazy\" decoding=\"async\" class=\"wp-image-16927\" src=\"http:\/\/www.urmet.sk\/new2020\/wp-content\/uploads\/2019\/10\/detektor_pohybu-257x300.png\" alt=\"\" width=\"100\" height=\"117\" srcset=\"https:\/\/www.urmet.sk\/wp-content\/uploads\/2019\/10\/detektor_pohybu-257x300.png 257w, https:\/\/www.urmet.sk\/wp-content\/uploads\/2019\/10\/detektor_pohybu-768x896.png 768w, https:\/\/www.urmet.sk\/wp-content\/uploads\/2019\/10\/detektor_pohybu-878x1024.png 878w, https:\/\/www.urmet.sk\/wp-content\/uploads\/2019\/10\/detektor_pohybu-600x700.png 600w, https:\/\/www.urmet.sk\/wp-content\/uploads\/2019\/10\/detektor_pohybu.png 1200w\" sizes=\"(max-width: 100px) 100vw, 100px\" \/> 43445 &#8211; detektor pohybu[\/caption]\n[caption id=\"attachment_16928\" align=\"alignleft\" width=\"100\"]<img loading=\"lazy\" decoding=\"async\" class=\"wp-image-16928\" src=\"http:\/\/www.urmet.sk\/new2020\/wp-content\/uploads\/2019\/10\/vysielac_biely-257x300.png\" alt=\"\" width=\"100\" height=\"117\" srcset=\"https:\/\/www.urmet.sk\/wp-content\/uploads\/2019\/10\/vysielac_biely-257x300.png 257w, https:\/\/www.urmet.sk\/wp-content\/uploads\/2019\/10\/vysielac_biely-768x896.png 768w, https:\/\/www.urmet.sk\/wp-content\/uploads\/2019\/10\/vysielac_biely-878x1024.png 878w, https:\/\/www.urmet.sk\/wp-content\/uploads\/2019\/10\/vysielac_biely-600x700.png 600w, https:\/\/www.urmet.sk\/wp-content\/uploads\/2019\/10\/vysielac_biely.png 1200w\" sizes=\"(max-width: 100px) 100vw, 100px\" \/> 43441 &#8211; Vysiela\u010d biely[\/caption]\n[caption id=\"attachment_16929\" align=\"alignleft\" width=\"100\"]<img loading=\"lazy\" decoding=\"async\" class=\"wp-image-16929\" src=\"http:\/\/www.urmet.sk\/new2020\/wp-content\/uploads\/2019\/10\/vysielac_strieborny-257x300.png\" alt=\"\" width=\"100\" height=\"117\" srcset=\"https:\/\/www.urmet.sk\/wp-content\/uploads\/2019\/10\/vysielac_strieborny-257x300.png 257w, https:\/\/www.urmet.sk\/wp-content\/uploads\/2019\/10\/vysielac_strieborny-768x896.png 768w, https:\/\/www.urmet.sk\/wp-content\/uploads\/2019\/10\/vysielac_strieborny-878x1024.png 878w, https:\/\/www.urmet.sk\/wp-content\/uploads\/2019\/10\/vysielac_strieborny-600x700.png 600w, https:\/\/www.urmet.sk\/wp-content\/uploads\/2019\/10\/vysielac_strieborny.png 1200w\" sizes=\"(max-width: 100px) 100vw, 100px\" \/> 43440 &#8211; Vysiela\u010d strieborn\u00fd[\/caption]\n<p>&nbsp;<\/p>\n<p>&nbsp;<\/p>\n<p>&nbsp;<\/p>\n<p>&nbsp;<\/p>\n<p>&nbsp;<\/p>\n<p>&nbsp;<\/p>\n[caption id=\"attachment_16930\" align=\"alignnone\" width=\"100\"]<img loading=\"lazy\" decoding=\"async\" class=\"wp-image-16930\" src=\"http:\/\/www.urmet.sk\/new2020\/wp-content\/uploads\/2019\/10\/opakovac_signalu-257x300.png\" alt=\"\" width=\"100\" height=\"117\" srcset=\"https:\/\/www.urmet.sk\/wp-content\/uploads\/2019\/10\/opakovac_signalu-257x300.png 257w, https:\/\/www.urmet.sk\/wp-content\/uploads\/2019\/10\/opakovac_signalu-768x896.png 768w, https:\/\/www.urmet.sk\/wp-content\/uploads\/2019\/10\/opakovac_signalu-878x1024.png 878w, https:\/\/www.urmet.sk\/wp-content\/uploads\/2019\/10\/opakovac_signalu-600x700.png 600w, https:\/\/www.urmet.sk\/wp-content\/uploads\/2019\/10\/opakovac_signalu.png 1200w\" sizes=\"(max-width: 100px) 100vw, 100px\" \/> 43480 &#8211; Opakova\u010d sign\u00e1lu (repeater)[\/caption]\n","protected":false},"featured_media":16925,"template":"","meta":{"_monsterinsights_skip_tracking":false,"_monsterinsights_sitenote_active":false,"_monsterinsights_sitenote_note":"","_monsterinsights_sitenote_category":0},"product_cat":[80],"product_tag":[],"_links":{"self":[{"href":"https:\/\/www.urmet.sk\/index.php?rest_route=\/wp\/v2\/product\/16923"}],"collection":[{"href":"https:\/\/www.urmet.sk\/index.php?rest_route=\/wp\/v2\/product"}],"about":[{"href":"https:\/\/www.urmet.sk\/index.php?rest_route=\/wp\/v2\/types\/product"}],"wp:featuredmedia":[{"embeddable":true,"href":"https:\/\/www.urmet.sk\/index.php?rest_route=\/wp\/v2\/media\/16925"}],"wp:attachment":[{"href":"https:\/\/www.urmet.sk\/index.php?rest_route=%2Fwp%2Fv2%2Fmedia&parent=16923"}],"wp:term":[{"taxonomy":"product_cat","embeddable":true,"href":"https:\/\/www.urmet.sk\/index.php?rest_route=%2Fwp%2Fv2%2Fproduct_cat&post=16923"},{"taxonomy":"product_tag","embeddable":true,"href":"https:\/\/www.urmet.sk\/index.php?rest_route=%2Fwp%2Fv2%2Fproduct_tag&post=16923"}],"curies":[{"name":"wp","href":"https:\/\/api.w.org\/{rel}","templated":true}]}}