{"id":15915,"date":"2019-09-01T12:34:53","date_gmt":"2019-09-01T10:34:53","guid":{"rendered":"http:\/\/www.urmet.sk\/new2020\/?post_type=product&#038;p=15915"},"modified":"2020-03-28T14:31:21","modified_gmt":"2020-03-28T12:31:21","slug":"nexo2-1708-2","status":"publish","type":"product","link":"https:\/\/www.urmet.sk\/?product=nexo2-1708-2","title":{"rendered":"NEXO2"},"content":{"rendered":"<p>Urmet predstavujeme nov\u00fd <strong>monitor NEXO2<\/strong> \u00a0s funkciou hands-free, intuit\u00edvnym a \u013eahko pou\u017eite\u013en\u00fdm rozhran\u00edm. Ide\u00e1lny na v\u00fdmenu zastaran\u00fdch audio\/video jednotiek.<\/p>\n<p>V\u010faka ergonomick\u00e9mu dizajnu bude NEXO2 vyzera\u0165 dobre v akomko\u013evek interi\u00e9ri &#8211; od \u0161kandin\u00e1vskeho minimalizmu a\u017e po neo barok.\u00a0V\u0161etky hlavn\u00e9 funkcie (za\u010diatok \/ koniec konverz\u00e1cie, odomknutie z\u00e1mku, spr\u00e1va \u010fal\u0161\u00edch funkci\u00ed) s\u00fa predstavovan\u00e9 praktick\u00fdmi kl\u00e1vesmi.\u00a0S NEXO2 m\u00f4\u017eete ovl\u00e1da\u0165 predn\u00e9 dvere a br\u00e1nu, prezera\u0165 CCTV kamery a povoli\u0165 presmerovanie hovorov do smartf\u00f3nu.<\/p>\n<p>Video monitor NEXO2 je ur\u010den\u00fd na pou\u017eitie v nasleduj\u00facich dverov\u00fdch komunika\u010dn\u00fdch syst\u00e9moch URMET:<\/p>\n<ul>\n<li>URMET Coax;<\/li>\n<li>URMET 4+N;<\/li>\n<\/ul>\n<p><img loading=\"lazy\" decoding=\"async\" class=\"alignnone size-medium wp-image-21359\" src=\"http:\/\/www.urmet.sk\/wp-content\/uploads\/2019\/09\/nexo2-rozmery-248x300.png\" alt=\"\" width=\"248\" height=\"300\" srcset=\"https:\/\/www.urmet.sk\/wp-content\/uploads\/2019\/09\/nexo2-rozmery-248x300.png 248w, https:\/\/www.urmet.sk\/wp-content\/uploads\/2019\/09\/nexo2-rozmery-600x726.png 600w, https:\/\/www.urmet.sk\/wp-content\/uploads\/2019\/09\/nexo2-rozmery.png 614w\" sizes=\"(max-width: 248px) 100vw, 248px\" \/><\/p>\n<p><strong>Vlastnosti:\u00a0<\/strong><\/p>\n<ul>\n<li>Rozmery: 202 x 142 x 23 mm<\/li>\n<li>In\u0161tal\u00e1cia na stenu<\/li>\n<li>Farebn\u00fd TFT displej s uhloprie\u010dkou 7 palcov<\/li>\n<li>Nastavenie jasu a s\u00fdtos\u0165i obrazu<\/li>\n<li>Nastavenie hlasitosti hovoru<\/li>\n<li>Farba: leskl\u00e1 biela<\/li>\n<\/ul>\n<p><strong>Model:<\/strong><\/p>\n<p>1708\/2 &#8211; 7&#8243; video monitor Nexo2<br \/>\n1708\/955 &#8211; Interface pre 5 vodi\u010dov\u00fd syst\u00e9m k videotelef\u00f3nu Nexo2<\/p>\n","protected":false},"excerpt":{"rendered":"<p>Urmet predstavujeme nov\u00fd monitor NEXO2 \u00a0s funkciou hands-free, intuit\u00edvnym a \u013eahko pou\u017eite\u013en\u00fdm rozhran\u00edm. Ide\u00e1lny na v\u00fdmenu zastaran\u00fdch audio\/video jednotiek. V\u010faka ergonomick\u00e9mu dizajnu bude NEXO2 vyzera\u0165 dobre v akomko\u013evek interi\u00e9ri &#8211; od \u0161kandin\u00e1vskeho minimalizmu a\u017e po neo barok.\u00a0V\u0161etky hlavn\u00e9 funkcie (za\u010diatok \/ koniec konverz\u00e1cie, odomknutie z\u00e1mku, spr\u00e1va \u010fal\u0161\u00edch funkci\u00ed) s\u00fa predstavovan\u00e9 praktick\u00fdmi kl\u00e1vesmi.\u00a0S NEXO2 m\u00f4\u017eete ovl\u00e1da\u0165&hellip;<\/p>\n","protected":false},"featured_media":15922,"template":"","meta":{"_monsterinsights_skip_tracking":false,"_monsterinsights_sitenote_active":false,"_monsterinsights_sitenote_note":"","_monsterinsights_sitenote_category":0},"product_cat":[56],"product_tag":[],"_links":{"self":[{"href":"https:\/\/www.urmet.sk\/index.php?rest_route=\/wp\/v2\/product\/15915"}],"collection":[{"href":"https:\/\/www.urmet.sk\/index.php?rest_route=\/wp\/v2\/product"}],"about":[{"href":"https:\/\/www.urmet.sk\/index.php?rest_route=\/wp\/v2\/types\/product"}],"wp:featuredmedia":[{"embeddable":true,"href":"https:\/\/www.urmet.sk\/index.php?rest_route=\/wp\/v2\/media\/15922"}],"wp:attachment":[{"href":"https:\/\/www.urmet.sk\/index.php?rest_route=%2Fwp%2Fv2%2Fmedia&parent=15915"}],"wp:term":[{"taxonomy":"product_cat","embeddable":true,"href":"https:\/\/www.urmet.sk\/index.php?rest_route=%2Fwp%2Fv2%2Fproduct_cat&post=15915"},{"taxonomy":"product_tag","embeddable":true,"href":"https:\/\/www.urmet.sk\/index.php?rest_route=%2Fwp%2Fv2%2Fproduct_tag&post=15915"}],"curies":[{"name":"wp","href":"https:\/\/api.w.org\/{rel}","templated":true}]}}