{"id":15901,"date":"2019-09-01T11:27:15","date_gmt":"2019-09-01T09:27:15","guid":{"rendered":"http:\/\/www.urmet.sk\/new2020\/?post_type=product&#038;p=15901"},"modified":"2021-01-19T12:19:16","modified_gmt":"2021-01-19T10:19:16","slug":"miro-1750-6","status":"publish","type":"product","link":"https:\/\/www.urmet.sk\/?product=miro-1750-6","title":{"rendered":"MIRO HANDSFREE"},"content":{"rendered":"<p>Urmet predstavuje <strong>4,3&#8243;<\/strong> farebn\u00fd <strong>handsfree<\/strong> telef\u00f3n z produktovej rady <strong>Miro<\/strong>. Poskytuje vynikaj\u00facu kvalitu obrazu, ktor\u00e1 je jasne vidite\u013en\u00e1 zo v\u0161etk\u00fdch uhlov. Prec\u00edznos\u0165 je vidie\u0165 a c\u00edti\u0165 v detailoch. Dokonalos\u0165 jeho le\u0161ten\u00e9ho povrchu dod\u00e1va lesk robustn\u00e9mu telu z <strong>ABS materi\u00e1lu<\/strong>. Tla\u010didl\u00e1 maj\u00fa jasn\u00fa funkciu a zvuk patr\u00ed medzi najkvalitnej\u0161ie na trhu.<\/p>\n<p><img loading=\"lazy\" decoding=\"async\" class=\"alignnone wp-image-21367\" src=\"http:\/\/www.urmet.sk\/wp-content\/uploads\/2019\/09\/miro-hansfree-romery-300x126.png\" alt=\"\" width=\"357\" height=\"150\" srcset=\"https:\/\/www.urmet.sk\/wp-content\/uploads\/2019\/09\/miro-hansfree-romery-300x126.png 300w, https:\/\/www.urmet.sk\/wp-content\/uploads\/2019\/09\/miro-hansfree-romery-1024x430.png 1024w, https:\/\/www.urmet.sk\/wp-content\/uploads\/2019\/09\/miro-hansfree-romery-768x322.png 768w, https:\/\/www.urmet.sk\/wp-content\/uploads\/2019\/09\/miro-hansfree-romery-600x252.png 600w, https:\/\/www.urmet.sk\/wp-content\/uploads\/2019\/09\/miro-hansfree-romery.png 1478w\" sizes=\"(max-width: 357px) 100vw, 357px\" \/><\/p>\n<p><strong>Vlastnosti handsfree telef\u00f3nu Miro:<\/strong><\/p>\n<p>\u2022 Videomonitor ur\u010den\u00fd pre syst\u00e9m 2Voice<br \/>\n\u2022 4,3&#8243; farebn\u00e1 obrazovka<br \/>\n\u2022 form\u00e1t obrazu 16:9<br \/>\n\u2022 Extr\u00e9mne tenk\u00fd dizajn (len 23 mm)<br \/>\n\u2022 Rozmery 129x160x236mm<br \/>\n\u2022 Pripojenie extern\u00e9ho tla\u010didla na zvonenie<br \/>\n\u2022 Mont\u00e1\u017e na povrch, na st\u00f4l (potrebn\u00e9 pr\u00edslu\u0161enstvo 1750\/52), alebo zapusten\u00e1 (potrebn\u00e9 pr\u00edslu\u0161enstvo 1750\/60)<br \/>\n\u2022 V bielej farbe (klav\u00edrny lesk)<br \/>\n\u2022 Mo\u017enos\u0165 zvoli\u0165 zvonenie pre extern\u00fd hovor a intern\u00fa (interkom) konverz\u00e1ciu<br \/>\n\u2022 Funkcia vypnutie zvonenia pre neru\u0161en\u00fd sp\u00e1nok<br \/>\n\u2022 Nastavenie parametrov obrazovky<br \/>\n\u2022 Na kryte je tla\u010didlo otv\u00e1rania dver\u00ed a 4 funk\u010dn\u00e9 tla\u010didl\u00e1 (pripojenie na vr\u00e1tnik, otv\u00e1ranie br\u00e1ny, interkom at\u010f.).<br \/>\n\u2022 LED kontrolka indikuj\u00faca stav pripojenia<br \/>\n\u2022 Interkom a\u017e s 2 \u00fa\u010dastn\u00edkmi<br \/>\n\u2022 mo\u017enos\u0165 zapojenia CallMe zariadenia na presmerovanie hovorov (potrebn\u00e9 pr\u00edslu\u0161enstvo 1083\/58)<br \/>\n\u2022 Prisp\u00f4soben\u00e9 pre \u013eud\u00ed s poruchou sluchu<br \/>\n\u2022 Programovanie pomocou DIP prep\u00edna\u010dov<br \/>\n\u2022 Mo\u017enos\u0165 prepojenia s extern\u00fdm bezdr\u00f4tov\u00fdm gongom (napr. do terasy, z\u00e1hrady, alt\u00e1nku&#8230;)<br \/>\n\u2022 Komunik\u00e1cia s Yokis<\/p>\n<p><strong>Modely:<\/strong><\/p>\n<p>1750\/6 &#8211; Miro 4-3&#8243; farebn\u00fd videomonitor biely<br \/>\n1750\/5 &#8211; Miro 4-3&#8243; farebn\u00fd videomonitor \u010dierny<br \/>\n1750\/16 &#8211; Miro 4-3&#8243; farebn\u00fd videomonitor biely s integrovan\u00fdm YOKIS<br \/>\n1750\/15 &#8211; Miro 4-3&#8243; farebn\u00fd videomonitor \u010dierny s integrovan\u00fdm YOKIS<\/p>\n<p><strong>Pr\u00edslu\u0161enstvo:<\/strong><\/p>\n<p>1750\/52 &#8211; Podstavec na st\u00f4l<br \/>\n1750\/60 &#8211; Zap\u00fa\u0161tacia s\u00faprava<br \/>\n1750\/50 &#8211; Modul pre Miro telef\u00f3ny umo\u017e\u0148uj\u00faci IN\/OUT zapojenie<\/p>\n","protected":false},"excerpt":{"rendered":"<p><img loading=\"lazy\" decoding=\"async\" class=\"alignnone size-full wp-image-15906\" src=\"http:\/\/www.urmet.sk\/new2020\/wp-content\/uploads\/2019\/09\/podporuje.png\" alt=\"\" width=\"173\" height=\"150\" \/><\/p>\n","protected":false},"featured_media":15902,"template":"","meta":{"_monsterinsights_skip_tracking":false,"_monsterinsights_sitenote_active":false,"_monsterinsights_sitenote_note":"","_monsterinsights_sitenote_category":0},"product_cat":[56],"product_tag":[69,70,71],"_links":{"self":[{"href":"https:\/\/www.urmet.sk\/index.php?rest_route=\/wp\/v2\/product\/15901"}],"collection":[{"href":"https:\/\/www.urmet.sk\/index.php?rest_route=\/wp\/v2\/product"}],"about":[{"href":"https:\/\/www.urmet.sk\/index.php?rest_route=\/wp\/v2\/types\/product"}],"wp:featuredmedia":[{"embeddable":true,"href":"https:\/\/www.urmet.sk\/index.php?rest_route=\/wp\/v2\/media\/15902"}],"wp:attachment":[{"href":"https:\/\/www.urmet.sk\/index.php?rest_route=%2Fwp%2Fv2%2Fmedia&parent=15901"}],"wp:term":[{"taxonomy":"product_cat","embeddable":true,"href":"https:\/\/www.urmet.sk\/index.php?rest_route=%2Fwp%2Fv2%2Fproduct_cat&post=15901"},{"taxonomy":"product_tag","embeddable":true,"href":"https:\/\/www.urmet.sk\/index.php?rest_route=%2Fwp%2Fv2%2Fproduct_tag&post=15901"}],"curies":[{"name":"wp","href":"https:\/\/api.w.org\/{rel}","templated":true}]}}