{"id":15330,"date":"2019-08-25T09:15:30","date_gmt":"2019-08-25T09:15:30","guid":{"rendered":"http:\/\/www.urmet.sk\/new2020\/?post_type=product&#038;p=15330"},"modified":"2020-06-30T10:12:33","modified_gmt":"2020-06-30T08:12:33","slug":"15330","status":"publish","type":"product","link":"https:\/\/www.urmet.sk\/?product=15330","title":{"rendered":""},"content":{"rendered":"<h2>IPervoice<\/h2>\n<p>Syst\u00e9mu IPervoice bol zaveden\u00fd v roku 2009.<\/p>\n<p>IPervoice je prv\u00fd digit\u00e1lny syst\u00e9m all-CAT5 s extern\u00fdm zapojen\u00edm.<\/p>\n<p>S neobmedzen\u00fdm roz\u0161\u00edren\u00edm a po\u010dtom st\u00fapac\u00edch veden\u00ed je IPervoice ide\u00e1lnym syst\u00e9mom na zjednodu\u0161enie in\u0161tal\u00e1cie v obytn\u00fdch z\u00f3nach s ve\u013ek\u00fdm po\u010dtom pou\u017e\u00edvate\u013eov. V tak\u00fdchto ve\u013ek\u00fdch syst\u00e9moch sa m\u00f4\u017ee tie\u017e ve\u013emi l\u00ed\u0161i\u0165. Ipervoice m\u00e1 v\u0161etky odpovede. Mimoriadne v\u0161estrann\u00fd, riadi integrovan\u00fa kontrolu pr\u00edstupu, technologick\u00e9 syst\u00e9my (CCTV, poplachy prieniku, po\u017eiarne poplachy) a mnoho \u010fal\u0161\u00edch funkci\u00ed, v\u0161etko z video telef\u00f3nneho syst\u00e9mu.<\/p>\n<p>IPervoice: V\u00fdskum a inov\u00e1cie spolo\u010dnosti Urmet v\u00e1m prin\u00e1\u0161aj\u00fa rie\u0161enia, na ktor\u00e9 ste \u010dakali.<\/p>\n<p>IPervoice vyu\u017e\u00edva najnov\u0161ie pokroky v technol\u00f3gii IP \/ sie\u0165 na dosiahnutie dramatick\u00fdch \u00faspor n\u00e1kladov na in\u0161tal\u00e1ciu vstupn\u00fdch syst\u00e9mov pomocou \u0161trukt\u00farovan\u00fdch kabel\u00e1\u017enych syst\u00e9mov pre ve\u013ek\u00e9 projekty, ako s\u00fa bytov\u00e9 domy s viacer\u00fdmi n\u00e1jomcami\/vlastn\u00edkmi a bytov\u00e9 jednotky univerzitn\u00e9ho kampusu.<\/p>\n<p>IPervoice je po\u010d\u00edta\u010dov\u00fd syst\u00e9m, ku ktor\u00e9mu je mo\u017en\u00e9 vzdialene pristupova\u0165 odkia\u013eko\u013evek v sieti. \u201eNajm\u00e4 spolo\u010dnosti spravuj\u00face nehnute\u013enos\u0165 by mali ma\u0165 ve\u013ek\u00fd pr\u00ednos vo funk\u010dnosti syst\u00e9mu iPervoice. Do siete je mo\u017en\u00e9 prida\u0165 neobmedzen\u00fd po\u010det\u201e virtu\u00e1lnych rozv\u00e1dza\u010dov \u201c, \u010do oper\u00e1torom umo\u017e\u0148uje vzdialene monitorova\u0165 \u010dinnos\u0165 a riadi\u0165 pr\u00edstup akejko\u013evek budovy.\u201c<\/p>\n<p>Ak\u00fdko\u013evek po\u010det st\u00fapa\u010diek na budovu a a\u017e 1080 pou\u017e\u00edvate\u013eov na st\u00fapa\u010dku, m\u00f4\u017ee pou\u017e\u00edva\u0165 syst\u00e9m v s a\u017e \u0161estn\u00e1stimi monitormi v ka\u017edom byte apartm\u00e1ne. Po\u010det konverz\u00e1ci\u00ed, ktor\u00e9 m\u00f4\u017eu prebieha\u0165 s\u00fa\u010dasne, nie je nijako obmedzen\u00fd, tak\u017ee IPervoice nebude ma\u0165 nikdy v budove \u201eblokovan\u00e9\u201c linky. To bude pr\u00ednosom najm\u00e4 pre budovy s viacer\u00fdmi vchodmi.<\/p>\n","protected":false},"excerpt":{"rendered":"<p>IPervoice Syst\u00e9mu IPervoice bol zaveden\u00fd v roku 2009. IPervoice je prv\u00fd digit\u00e1lny syst\u00e9m all-CAT5 s extern\u00fdm zapojen\u00edm. S neobmedzen\u00fdm roz\u0161\u00edren\u00edm a po\u010dtom st\u00fapac\u00edch veden\u00ed je IPervoice ide\u00e1lnym syst\u00e9mom na zjednodu\u0161enie in\u0161tal\u00e1cie v obytn\u00fdch z\u00f3nach s ve\u013ek\u00fdm po\u010dtom pou\u017e\u00edvate\u013eov. V tak\u00fdchto ve\u013ek\u00fdch syst\u00e9moch sa m\u00f4\u017ee tie\u017e ve\u013emi l\u00ed\u0161i\u0165. Ipervoice m\u00e1 v\u0161etky odpovede. Mimoriadne v\u0161estrann\u00fd, riadi integrovan\u00fa&hellip;<\/p>\n","protected":false},"featured_media":15331,"template":"","meta":{"_monsterinsights_skip_tracking":false,"_monsterinsights_sitenote_active":false,"_monsterinsights_sitenote_note":"","_monsterinsights_sitenote_category":0},"product_cat":[57],"product_tag":[],"_links":{"self":[{"href":"https:\/\/www.urmet.sk\/index.php?rest_route=\/wp\/v2\/product\/15330"}],"collection":[{"href":"https:\/\/www.urmet.sk\/index.php?rest_route=\/wp\/v2\/product"}],"about":[{"href":"https:\/\/www.urmet.sk\/index.php?rest_route=\/wp\/v2\/types\/product"}],"wp:featuredmedia":[{"embeddable":true,"href":"https:\/\/www.urmet.sk\/index.php?rest_route=\/wp\/v2\/media\/15331"}],"wp:attachment":[{"href":"https:\/\/www.urmet.sk\/index.php?rest_route=%2Fwp%2Fv2%2Fmedia&parent=15330"}],"wp:term":[{"taxonomy":"product_cat","embeddable":true,"href":"https:\/\/www.urmet.sk\/index.php?rest_route=%2Fwp%2Fv2%2Fproduct_cat&post=15330"},{"taxonomy":"product_tag","embeddable":true,"href":"https:\/\/www.urmet.sk\/index.php?rest_route=%2Fwp%2Fv2%2Fproduct_tag&post=15330"}],"curies":[{"name":"wp","href":"https:\/\/api.w.org\/{rel}","templated":true}]}}