{"id":15328,"date":"2019-08-25T09:12:00","date_gmt":"2019-08-25T09:12:00","guid":{"rendered":"http:\/\/www.urmet.sk\/new2020\/?post_type=product&#038;p=15328"},"modified":"2020-06-30T10:06:34","modified_gmt":"2020-06-30T08:06:34","slug":"15328","status":"publish","type":"product","link":"https:\/\/www.urmet.sk\/?product=15328","title":{"rendered":""},"content":{"rendered":"<h2>&#8222;1+1\u201d vodi\u010dov\u00e9 syst\u00e9my<\/h2>\n<div>\n<p>Dr\u00f4tov\u00e9 syst\u00e9my \u201e1 + 1\u201c s\u00fa k dispoz\u00edcii iba s mo\u017enos\u0165ou elektronick\u00e9ho volania. Tieto syst\u00e9my sa vyzna\u010duj\u00fa jednoduch\u00fdm zapojen\u00edm iba s dvoma vodi\u010dmi pre ka\u017ed\u00e9ho pou\u017e\u00edvate\u013ea. S\u00fa vhodn\u00e9 na v\u00fdrobu nov\u00fdch in\u0161tal\u00e1ci\u00ed a najviac sa oce\u0148uj\u00fa na pou\u017eitie v star\u00fdch budov\u00e1ch ako n\u00e1hrada existuj\u00faceho syst\u00e9mu na volanie (gomb\u00edk a zvon\u010dek). Existuj\u00facu slu\u017ebu je mo\u017en\u00e9 transformova\u0165 na audio syst\u00e9m bez toho, aby do st\u013apika alebo v bytoch boli pridan\u00e9 k\u00e1ble.<\/p>\n<\/div>\n","protected":false},"excerpt":{"rendered":"<p>&#8222;1+1\u201d vodi\u010dov\u00e9 syst\u00e9my Dr\u00f4tov\u00e9 syst\u00e9my \u201e1 + 1\u201c s\u00fa k dispoz\u00edcii iba s mo\u017enos\u0165ou elektronick\u00e9ho volania. Tieto syst\u00e9my sa vyzna\u010duj\u00fa jednoduch\u00fdm zapojen\u00edm iba s dvoma vodi\u010dmi pre ka\u017ed\u00e9ho pou\u017e\u00edvate\u013ea. S\u00fa vhodn\u00e9 na v\u00fdrobu nov\u00fdch in\u0161tal\u00e1ci\u00ed a najviac sa oce\u0148uj\u00fa na pou\u017eitie v star\u00fdch budov\u00e1ch ako n\u00e1hrada existuj\u00faceho syst\u00e9mu na volanie (gomb\u00edk a zvon\u010dek). Existuj\u00facu slu\u017ebu&hellip;<\/p>\n","protected":false},"featured_media":15329,"template":"","meta":{"_monsterinsights_skip_tracking":false,"_monsterinsights_sitenote_active":false,"_monsterinsights_sitenote_note":"","_monsterinsights_sitenote_category":0},"product_cat":[57],"product_tag":[],"_links":{"self":[{"href":"https:\/\/www.urmet.sk\/index.php?rest_route=\/wp\/v2\/product\/15328"}],"collection":[{"href":"https:\/\/www.urmet.sk\/index.php?rest_route=\/wp\/v2\/product"}],"about":[{"href":"https:\/\/www.urmet.sk\/index.php?rest_route=\/wp\/v2\/types\/product"}],"wp:featuredmedia":[{"embeddable":true,"href":"https:\/\/www.urmet.sk\/index.php?rest_route=\/wp\/v2\/media\/15329"}],"wp:attachment":[{"href":"https:\/\/www.urmet.sk\/index.php?rest_route=%2Fwp%2Fv2%2Fmedia&parent=15328"}],"wp:term":[{"taxonomy":"product_cat","embeddable":true,"href":"https:\/\/www.urmet.sk\/index.php?rest_route=%2Fwp%2Fv2%2Fproduct_cat&post=15328"},{"taxonomy":"product_tag","embeddable":true,"href":"https:\/\/www.urmet.sk\/index.php?rest_route=%2Fwp%2Fv2%2Fproduct_tag&post=15328"}],"curies":[{"name":"wp","href":"https:\/\/api.w.org\/{rel}","templated":true}]}}