{"id":15221,"date":"2019-08-24T20:39:33","date_gmt":"2019-08-24T20:39:33","guid":{"rendered":"http:\/\/www.urmet.sk\/new2020\/?post_type=product&#038;p=15221"},"modified":"2023-02-13T16:23:25","modified_gmt":"2023-02-13T14:23:25","slug":"1750-1","status":"publish","type":"product","link":"https:\/\/www.urmet.sk\/?product=1750-1","title":{"rendered":"MIRO"},"content":{"rendered":"<p><strong>Video monitor MIRO<\/strong> umo\u017e\u0148uje ovl\u00e1da\u0165 v\u0161etky funkcie <strong>syst\u00e9mu 2Voice<\/strong> pri\u010dom ide o jeho najz\u00e1kladnej\u0161iu radu. Miro je monitor, ktor\u00fd pon\u00faka kvalitn\u00fd dizajn so v\u0161etk\u00fdmi podstatn\u00fdmi funkciami za exkluz\u00edvnu cenu. 4,3\u201d LCD obrazovka poskytuje vynikaj\u00faci obraz, ktor\u00fd je zrete\u013ene vidite\u013en\u00fd z ak\u00e9hoko\u013evek uhla.<\/p>\n<p><img loading=\"lazy\" decoding=\"async\" class=\"alignnone size-medium wp-image-21369\" src=\"http:\/\/www.urmet.sk\/wp-content\/uploads\/2019\/08\/Miro-romery-300x153.png\" alt=\"\" width=\"300\" height=\"153\" srcset=\"https:\/\/www.urmet.sk\/wp-content\/uploads\/2019\/08\/Miro-romery-300x153.png 300w, https:\/\/www.urmet.sk\/wp-content\/uploads\/2019\/08\/Miro-romery-1024x522.png 1024w, https:\/\/www.urmet.sk\/wp-content\/uploads\/2019\/08\/Miro-romery-768x392.png 768w, https:\/\/www.urmet.sk\/wp-content\/uploads\/2019\/08\/Miro-romery-600x306.png 600w, https:\/\/www.urmet.sk\/wp-content\/uploads\/2019\/08\/Miro-romery.png 1514w\" sizes=\"(max-width: 300px) 100vw, 300px\" \/><\/p>\n<p><strong>Funkcie MIRO:<\/strong><\/p>\n<ul>\n<li>4,3&#8243; farebn\u00fd monitor s pomerom str\u00e1n 16: 9<\/li>\n<li>Farba: leskl\u00e1 biela<\/li>\n<li>Mo\u017enos\u0165 nastavenia hlasitosti t\u00f3nu zvonenia<\/li>\n<li>Kontakty na spojenie hovoru<\/li>\n<li>R\u00f4zne mel\u00f3die na volanie zo vstupn\u00e9ho panela, zvon\u010deka<\/li>\n<li>Tich\u00fd re\u017eim<\/li>\n<li>Nastavenie jasu a s\u00fdtosti obrazu<\/li>\n<li>LED indik\u00e1cia hovoru a funkci\u00ed<\/li>\n<li>Mont\u00e1\u017e na stenu<\/li>\n<li>Programovanie DIP prep\u00edna\u010dmi<\/li>\n<li>Vhodn\u00fd na pou\u017eitie s na\u010d\u00favac\u00edm pr\u00edstrojom s funkciou \u201eT\u201c.<\/li>\n<li>Rozmery handset Miro monitora 200x175x52mm.<\/li>\n<\/ul>\n<p><strong>Model:<\/strong><\/p>\n<p>1750\/1 &#8211; 4,3&#8243; videomonitor MIRO handset<\/p>\n","protected":false},"excerpt":{"rendered":"<p><img loading=\"lazy\" decoding=\"async\" class=\"alignnone size-full wp-image-15932\" src=\"http:\/\/www.urmet.sk\/new2020\/wp-content\/uploads\/2019\/08\/miro-logo.png\" alt=\"\" width=\"300\" height=\"300\" srcset=\"https:\/\/www.urmet.sk\/wp-content\/uploads\/2019\/08\/miro-logo.png 300w, https:\/\/www.urmet.sk\/wp-content\/uploads\/2019\/08\/miro-logo-150x150.png 150w, https:\/\/www.urmet.sk\/wp-content\/uploads\/2019\/08\/miro-logo-200x200.png 200w\" sizes=\"(max-width: 300px) 100vw, 300px\" \/><\/p>\n<p><img loading=\"lazy\" decoding=\"async\" class=\"alignnone size-full wp-image-15931\" src=\"http:\/\/www.urmet.sk\/new2020\/wp-content\/uploads\/2019\/08\/kombatibilne.png\" alt=\"\" width=\"200\" height=\"40\" \/><\/p>\n<p><img loading=\"lazy\" decoding=\"async\" class=\"alignnone size-medium wp-image-15318\" src=\"http:\/\/www.urmet.sk\/new2020\/wp-content\/uploads\/2019\/08\/system-2voice-urmet-300x300.png\" alt=\"\" width=\"300\" height=\"300\" srcset=\"https:\/\/www.urmet.sk\/wp-content\/uploads\/2019\/08\/system-2voice-urmet-300x300.png 300w, https:\/\/www.urmet.sk\/wp-content\/uploads\/2019\/08\/system-2voice-urmet-150x150.png 150w, https:\/\/www.urmet.sk\/wp-content\/uploads\/2019\/08\/system-2voice-urmet-200x200.png 200w, https:\/\/www.urmet.sk\/wp-content\/uploads\/2019\/08\/system-2voice-urmet.png 400w\" sizes=\"(max-width: 300px) 100vw, 300px\" \/><\/p>\n","protected":false},"featured_media":15928,"template":"","meta":{"_monsterinsights_skip_tracking":false,"_monsterinsights_sitenote_active":false,"_monsterinsights_sitenote_note":"","_monsterinsights_sitenote_category":0},"product_cat":[56],"product_tag":[],"_links":{"self":[{"href":"https:\/\/www.urmet.sk\/index.php?rest_route=\/wp\/v2\/product\/15221"}],"collection":[{"href":"https:\/\/www.urmet.sk\/index.php?rest_route=\/wp\/v2\/product"}],"about":[{"href":"https:\/\/www.urmet.sk\/index.php?rest_route=\/wp\/v2\/types\/product"}],"wp:featuredmedia":[{"embeddable":true,"href":"https:\/\/www.urmet.sk\/index.php?rest_route=\/wp\/v2\/media\/15928"}],"wp:attachment":[{"href":"https:\/\/www.urmet.sk\/index.php?rest_route=%2Fwp%2Fv2%2Fmedia&parent=15221"}],"wp:term":[{"taxonomy":"product_cat","embeddable":true,"href":"https:\/\/www.urmet.sk\/index.php?rest_route=%2Fwp%2Fv2%2Fproduct_cat&post=15221"},{"taxonomy":"product_tag","embeddable":true,"href":"https:\/\/www.urmet.sk\/index.php?rest_route=%2Fwp%2Fv2%2Fproduct_tag&post=15221"}],"curies":[{"name":"wp","href":"https:\/\/api.w.org\/{rel}","templated":true}]}}