{"id":835,"date":"2014-03-18T10:02:39","date_gmt":"2014-03-18T10:02:39","guid":{"rendered":"http:\/\/the7.dream-demo.com\/business\/?page_id=5"},"modified":"2023-11-10T08:03:39","modified_gmt":"2023-11-10T06:03:39","slug":"about-company","status":"publish","type":"page","link":"https:\/\/www.urmet.sk\/?page_id=835","title":{"rendered":"O n\u00e1s"},"content":{"rendered":"<div class=\"wpb-content-wrapper\"><p>[vc_row equal_height=&#8220;yes&#8220; type=&#8220;vc_default&#8220; margin_bottom=&#8220;10&#8243; css=&#8220;.vc_custom_1490183669310{padding-top: 70px !important;padding-bottom: 20px !important;}&#8220;][vc_column css=&#8220;.vc_custom_1490185853027{padding-bottom: 50px !important;}&#8220; offset=&#8220;vc_col-lg-4 vc_col-md-12&#8243;]<div id=\"ultimate-heading-376769e52558aa8bd\" class=\"uvc-heading ult-adjust-bottom-margin ultimate-heading-376769e52558aa8bd uvc-8376 \" data-hspacer=\"no_spacer\"  data-halign=\"left\" style=\"text-align:left\"><div class=\"uvc-heading-spacer no_spacer\" style=\"top\"><\/div><div class=\"uvc-main-heading ult-responsive\"  data-ultimate-target='.uvc-heading.ultimate-heading-376769e52558aa8bd h2'  data-responsive-json-new='{\"font-size\":\"desktop:20px;\",\"line-height\":\"desktop:30px;\"}' ><h2 style=\"font-weight:bold;margin-bottom:20px;\">Kto sme<\/h2><\/div><\/div>[vc_column_text css_animation=&#8220;fadeIn&#8220;]Sme technologick\u00e1 firma, pom\u00e1hame na\u0161im z\u00e1kazn\u00edkom, developerom stava\u0165 bezpe\u010dnej\u0161ie, inteligentnej\u0161ie a viac prepojen\u00e9 budovy.<\/p>\n<p><strong>Ako jedin\u00fd distrib\u00fator produktov URMET na Slovensku, \u00fazko spolupracujeme s projektantmi a investormi<\/strong>, aby sme im navrhli najlep\u0161ie rie\u0161enie s technologick\u00fdmi novinkami pre ich projekty. M\u00e1me \u0161irok\u00fa \u0161k\u00e1lu rie\u0161en\u00ed pre bytov\u00e9 aj komer\u010dn\u00e9 budovy. M\u00e1me za sebou dlh\u00fa hist\u00f3riu spolupr\u00e1ce s profesion\u00e1lnymi mont\u00e1\u017enymi spolo\u010dnostiami, ktor\u00fdm vieme splni\u0165 aj tie nazlo\u017eitej\u0161ie potreby projektov.[\/vc_column_text][\/vc_column][vc_column width=&#8220;1\/2&#8243; css=&#8220;.vc_custom_1490185864029{padding-bottom: 40px !important;}&#8220; offset=&#8220;vc_col-lg-4 vc_col-xs-12&#8243;]<div id=\"ultimate-heading-386369e52558aa8ea\" class=\"uvc-heading ult-adjust-bottom-margin ultimate-heading-386369e52558aa8ea uvc-9723 \" data-hspacer=\"no_spacer\"  data-halign=\"left\" style=\"text-align:left\"><div class=\"uvc-heading-spacer no_spacer\" style=\"top\"><\/div><div class=\"uvc-main-heading ult-responsive\"  data-ultimate-target='.uvc-heading.ultimate-heading-386369e52558aa8ea h2'  data-responsive-json-new='{\"font-size\":\"desktop:20px;\",\"line-height\":\"desktop:30px;\"}' ><h2 style=\"font-weight:bold;margin-bottom:20px;\">Pre\u010do si vybra\u0165 n\u00e1s<\/h2><\/div><\/div><div class=\"standard-arrow bullet-top\"><ul>\n<li>Jedine\u010dn\u00fd 48V 2-vodi\u010dov\u00fd syst\u00e9m na zbernici<\/li>\n<li>Naj\u0161ir\u0161\u00ed v\u00fdber vstupn\u00fdch panelov na trhu<\/li>\n<li>Nepotrebujete vymie\u0148a\u0165 kabel\u00e1\u017e pri rekon\u0161trukcii<\/li>\n<li>A\u017e 128 videotelef\u00f3nov na jednu stupa\u010dku s jedn\u00fdm zdrojom<\/li>\n<li>Integr\u00e1cia vstupn\u00e9ho syst\u00e9mu s pr\u00edstupov\u00fdm syst\u00e9mom<\/li>\n<li>Kompletn\u00e9 rie\u0161enie priamo od v\u00fdrobcu<\/li>\n<li>Sledovanie udalost\u00ed: Kto otvoril dvere, kto bol vyzvovnen\u00fd, ak\u00fdm \u010dipom sa otv\u00e1ralo<\/li>\n<\/ul>\n<\/div>[\/vc_column][vc_column width=&#8220;1\/2&#8243; css=&#8220;.vc_custom_1490185880333{padding-bottom: 40px !important;}&#8220; offset=&#8220;vc_col-lg-4 vc_col-md-6 vc_col-xs-12&#8243;]<div id=\"ultimate-heading-279669e52558aa960\" class=\"uvc-heading ult-adjust-bottom-margin ultimate-heading-279669e52558aa960 uvc-1344 \" data-hspacer=\"no_spacer\"  data-halign=\"left\" style=\"text-align:left\"><div class=\"uvc-heading-spacer no_spacer\" style=\"top\"><\/div><div class=\"uvc-main-heading ult-responsive\"  data-ultimate-target='.uvc-heading.ultimate-heading-279669e52558aa960 h2'  data-responsive-json-new='{\"font-size\":\"desktop:20px;\",\"line-height\":\"desktop:30px;\"}' ><h2 style=\"font-weight:bold;margin-bottom:20px;\">Na\u0161e sk\u00fasenosti<\/h2><\/div><\/div>[vc_progress_bar values=&#8220;%5B%7B%22label%22%3A%2249%20-%20registrovan%C3%BDch%20medzin%C3%A1rodn%C3%BDch%20patentov%22%2C%22value%22%3A%2280%22%7D%2C%7B%22label%22%3A%2262%20-%20ochrann%C3%BDch%20zn%C3%A1mok%22%2C%22value%22%3A%2295%22%7D%2C%7B%22label%22%3A%226%25%20-%20obratu%20ro%C4%8Dne%20sa%20investuje%20do%20v%C3%BDskumu%20a%20v%C3%BDvoja%22%2C%22value%22%3A%2265%22%7D%2C%7B%22label%22%3A%2213%20-%20z%C3%A1vodov%20v%206%20krajin%C3%A1ch%20sveta%22%2C%22value%22%3A%2279%22%7D%2C%7B%22label%22%3A%2285%20-%20rokov%20patr%C3%ADme%20k%20leadrom%20na%20svetovom%20trhu%22%2C%22value%22%3A%2285%22%7D%2C%7B%22label%22%3A%222320%20-%20zamestnancov%20v%20celej%20Urmet%20Group%22%2C%22value%22%3A%2290%22%7D%5D&#8220; options=&#8220;striped,animated&#8220; caption_pos=&#8220;thin_top&#8220; bgstyle=&#8220;transparent&#8220;][\/vc_column][\/vc_row][vc_row equal_height=&#8220;yes&#8220; bg_type=&#8220;bg_color&#8220; bg_override=&#8220;ex-full&#8220; type=&#8220;vc_default&#8220; margin_bottom=&#8220;10&#8243; bg_color_value=&#8220;#f6f6f6&#8243; css=&#8220;.vc_custom_1490183704313{padding-top: 70px !important;padding-bottom: 5px !important;}&#8220;][vc_column css=&#8220;.vc_custom_1490183961234{padding-bottom: 70px !important;}&#8220;][vc_row_inner][vc_column_inner width=&#8220;1\/2&#8243;][vc_column_text]<b>Org\u00e1n dozoru \u2013 spotrebite\u013eov:<\/b><br \/>\nIn\u0161pektor\u00e1t SOI pre Bratislavsk\u00fd kraj<br \/>\nPrievozsk\u00e1 32, P. O. BOX \u010d. 5, 820 07 Bratislava 27<br \/>\nOdbor v\u00fdkonu dozoru<br \/>\ntel. \u010d. 02\/58 27 21 72, 02\/58 27 21 04<br \/>\nfax \u010d. 02\/58 27 21 70<\/p>\n<p>&nbsp;<\/p>\n<p><b>Org\u00e1n dozoru nad osobn\u00fdmi \u00fadajmi:<\/b><br \/>\n\u00darad na ochranu osobn\u00fdch \u00fadajov<br \/>\nHrani\u010dn\u00e1 12, 820 07 Bratislava 27<br \/>\nSlovensk\u00e1 republika<br \/>\nTel.: + 421 2 32 31 32 14<br \/>\nFax: + 421 2 32 31 32 34<br \/>\ne-mail: statny.dozor@pdp.gov.sk<br \/>\nhttp:\/\/www.dataprotection.gov.sk\/[\/vc_column_text][\/vc_column_inner][vc_column_inner width=&#8220;1\/2&#8243;][vc_column_text]<\/p>\n<h1><em>Dokumenty a tla\u010div\u00e1<\/em><\/h1>\n<p><a href=\"http:\/\/www.urmet.sk\/download\/TLACIVA\/URM_VOP_2023.pdf\" target=\"_blank\" rel=\"noopener noreferrer\">V\u0161eobecn\u00e9 obchodn\u00e9 podmienky platn\u00e9 od 01.03.2023<\/a><br \/>\n<a href=\"http:\/\/www.urmet.sk\/download\/TLACIVA\/URM_formular_odstupenie_od_zmluvy_spotrebitel.31049.docx\" target=\"_blank\" rel=\"noopener noreferrer\">Formul\u00e1r na odst\u00fapenie od zmluvy pre spotrebite\u013ea platn\u00fd od 1.1.2016<\/a><br \/>\n<a href=\"http:\/\/www.urmet.sk\/download\/TLACIVA\/reklamacny_poriadok_2016.pdf\" target=\"_blank\" rel=\"noopener noreferrer\">Reklama\u010dn\u00fd poriadok platn\u00e9 od 1.1.2016<\/a><\/p>\n<h1><em>Ochrana osobn\u00fdch \u00fadajov<\/em><\/h1>\n<p><a href=\"http:\/\/www.urmet.sk\/download\/TLACIVA\/URM_vyhlasenie_klienti.pdf\" target=\"_blank\" rel=\"noopener noreferrer\">Ochrana osobn\u00fdch \u00fadajov \u2013 klienti<\/a>[\/vc_column_text][\/vc_column_inner][\/vc_row_inner][\/vc_column][\/vc_row]<\/p>\n<\/div>","protected":false},"excerpt":{"rendered":"<p>[vc_row equal_height=&#8220;yes&#8220; type=&#8220;vc_default&#8220; margin_bottom=&#8220;10&#8243; css=&#8220;.vc_custom_1490183669310{padding-top: 70px !important;padding-bottom: 20px !important;}&#8220;][vc_column css=&#8220;.vc_custom_1490185853027{padding-bottom: 50px !important;}&#8220; offset=&#8220;vc_col-lg-4 vc_col-md-12&#8243;][vc_column_text css_animation=&#8220;fadeIn&#8220;]Sme technologick\u00e1 firma, pom\u00e1hame na\u0161im z\u00e1kazn\u00edkom, developerom stava\u0165 bezpe\u010dnej\u0161ie, inteligentnej\u0161ie a viac prepojen\u00e9 budovy. Ako jedin\u00fd distrib\u00fator produktov URMET na Slovensku, \u00fazko spolupracujeme s projektantmi a investormi, aby sme im navrhli najlep\u0161ie rie\u0161enie s technologick\u00fdmi novinkami pre ich projekty. M\u00e1me \u0161irok\u00fa&hellip;<\/p>\n","protected":false},"author":1,"featured_media":0,"parent":0,"menu_order":20,"comment_status":"closed","ping_status":"closed","template":"","meta":{"_monsterinsights_skip_tracking":false,"_monsterinsights_sitenote_active":false,"_monsterinsights_sitenote_note":"","_monsterinsights_sitenote_category":0,"footnotes":""},"_links":{"self":[{"href":"https:\/\/www.urmet.sk\/index.php?rest_route=\/wp\/v2\/pages\/835"}],"collection":[{"href":"https:\/\/www.urmet.sk\/index.php?rest_route=\/wp\/v2\/pages"}],"about":[{"href":"https:\/\/www.urmet.sk\/index.php?rest_route=\/wp\/v2\/types\/page"}],"author":[{"embeddable":true,"href":"https:\/\/www.urmet.sk\/index.php?rest_route=\/wp\/v2\/users\/1"}],"replies":[{"embeddable":true,"href":"https:\/\/www.urmet.sk\/index.php?rest_route=%2Fwp%2Fv2%2Fcomments&post=835"}],"version-history":[{"count":15,"href":"https:\/\/www.urmet.sk\/index.php?rest_route=\/wp\/v2\/pages\/835\/revisions"}],"predecessor-version":[{"id":22769,"href":"https:\/\/www.urmet.sk\/index.php?rest_route=\/wp\/v2\/pages\/835\/revisions\/22769"}],"wp:attachment":[{"href":"https:\/\/www.urmet.sk\/index.php?rest_route=%2Fwp%2Fv2%2Fmedia&parent=835"}],"curies":[{"name":"wp","href":"https:\/\/api.w.org\/{rel}","templated":true}]}}