{"id":280,"date":"2014-03-18T18:24:10","date_gmt":"2014-03-18T16:24:10","guid":{"rendered":"http:\/\/the7.dream-demo.com\/business\/?page_id=280"},"modified":"2020-07-21T15:35:01","modified_gmt":"2020-07-21T13:35:01","slug":"qa","status":"publish","type":"page","link":"https:\/\/www.urmet.sk\/?page_id=280","title":{"rendered":"Referencie"},"content":{"rendered":"<div class=\"wpb-content-wrapper\"><p>[vc_row][vc_column][vc_separator][\/vc_column][\/vc_row][vc_row][vc_column][vc_column_text]<\/p>\n<p style=\"text-align: center;\">O kvalite na\u0161ich produktov sa v\u017edy dozved\u00e1me od na\u0161ich spokojn\u00fdch mont\u00e1\u017enych firiem a z\u00e1kazn\u00edkov, a to je najlep\u0161ia referencia. Ni\u017e\u0161ie si m\u00f4\u017eete pozrie\u0165 zop\u00e1r <strong>vybran\u00fdch projektov<\/strong> pod\u013ea rokov realiz\u00e1cie. Na\u0161a <strong>kni\u017enica referenci\u00ed<\/strong> je priebe\u017ene aktualizovan\u00e1. Ide o <strong>\u00faspe\u0161n\u00e9 stavebn\u00e9 projekty<\/strong> na Slovensku.<\/p>\n<p>[\/vc_column_text][\/vc_column][\/vc_row][vc_row][vc_column][vc_separator][\/vc_column][\/vc_row][vc_row][vc_column][vc_basic_grid post_type=&#8220;dt_portfolio&#8220; max_items=&#8220;-1&#8243; show_filter=&#8220;yes&#8220; element_width=&#8220;3&#8243; gap=&#8220;20&#8243; item=&#8220;21951&#8243; grid_id=&#8220;vc_gid:1595188601433-6ba40e81-ef00-8&#8243; filter_source=&#8220;category&#8220;][\/vc_column][\/vc_row]<\/p>\n<\/div>","protected":false},"excerpt":{"rendered":"<p>[vc_row][vc_column][vc_separator][\/vc_column][\/vc_row][vc_row][vc_column][vc_column_text] O kvalite na\u0161ich produktov sa v\u017edy dozved\u00e1me od na\u0161ich spokojn\u00fdch mont\u00e1\u017enych firiem a z\u00e1kazn\u00edkov, a to je najlep\u0161ia referencia. Ni\u017e\u0161ie si m\u00f4\u017eete pozrie\u0165 zop\u00e1r vybran\u00fdch projektov pod\u013ea rokov realiz\u00e1cie. Na\u0161a kni\u017enica referenci\u00ed je priebe\u017ene aktualizovan\u00e1. Ide o \u00faspe\u0161n\u00e9 stavebn\u00e9 projekty na Slovensku. [\/vc_column_text][\/vc_column][\/vc_row][vc_row][vc_column][vc_separator][\/vc_column][\/vc_row][vc_row][vc_column][vc_basic_grid post_type=&#8220;dt_portfolio&#8220; max_items=&#8220;-1&#8243; show_filter=&#8220;yes&#8220; element_width=&#8220;3&#8243; gap=&#8220;20&#8243; item=&#8220;21951&#8243; grid_id=&#8220;vc_gid:1595188601433-6ba40e81-ef00-8&#8243; filter_source=&#8220;category&#8220;][\/vc_column][\/vc_row]<\/p>\n","protected":false},"author":1,"featured_media":0,"parent":0,"menu_order":550,"comment_status":"closed","ping_status":"closed","template":"","meta":{"_monsterinsights_skip_tracking":false,"_monsterinsights_sitenote_active":false,"_monsterinsights_sitenote_note":"","_monsterinsights_sitenote_category":0,"footnotes":""},"_links":{"self":[{"href":"https:\/\/www.urmet.sk\/index.php?rest_route=\/wp\/v2\/pages\/280"}],"collection":[{"href":"https:\/\/www.urmet.sk\/index.php?rest_route=\/wp\/v2\/pages"}],"about":[{"href":"https:\/\/www.urmet.sk\/index.php?rest_route=\/wp\/v2\/types\/page"}],"author":[{"embeddable":true,"href":"https:\/\/www.urmet.sk\/index.php?rest_route=\/wp\/v2\/users\/1"}],"replies":[{"embeddable":true,"href":"https:\/\/www.urmet.sk\/index.php?rest_route=%2Fwp%2Fv2%2Fcomments&post=280"}],"version-history":[{"count":34,"href":"https:\/\/www.urmet.sk\/index.php?rest_route=\/wp\/v2\/pages\/280\/revisions"}],"predecessor-version":[{"id":21991,"href":"https:\/\/www.urmet.sk\/index.php?rest_route=\/wp\/v2\/pages\/280\/revisions\/21991"}],"wp:attachment":[{"href":"https:\/\/www.urmet.sk\/index.php?rest_route=%2Fwp%2Fv2%2Fmedia&parent=280"}],"curies":[{"name":"wp","href":"https:\/\/api.w.org\/{rel}","templated":true}]}}